{"id":12032,"date":"2023-11-19T15:54:05","date_gmt":"2023-11-19T15:54:05","guid":{"rendered":"http:\/\/speleonews.pl\/valbona\/?page_id=12032"},"modified":"2023-11-19T15:54:06","modified_gmt":"2023-11-19T15:54:06","slug":"2023-albania-valbona-oczami-radiowca","status":"publish","type":"page","link":"https:\/\/speleonews.pl\/valbona\/eksploracja\/2023-albania-valbona-oczami-radiowca\/","title":{"rendered":"2023 Albania Valbona oczami &#8222;radiowca&#8221;"},"content":{"rendered":"\n<p>Mariusz Polok<\/p>\n\n\n\n<p><strong>Retrospekcja<\/strong><\/p>\n\n\n\n<p>Opuszczaj\u0105c Albani\u0119 w roku 2022 wiedzieli\u015bmy \u017ce do doliny Valbony na pewno wr\u00f3cimy za rok. Natenczas wszyscy byli\u015bmy podekscytowani sukcesem jaki by\u0142 naszym udzia\u0142em. Ju\u017c w drugim sezonie eksploracji jaskini Shpella e Valbones osi\u0105gn\u0119li\u015bmy w niej g\u0142\u0119boko\u015b\u0107 &#8211; 637 m, tym samym sta\u0142a si\u0119 najg\u0142\u0119bsza w Albanii. Jej poprzedniczka, poznana przez wyprawy bu\u0142garskie w latach 1994-2003, jaskinia BB-30, utrzymywa\u0142a ten tytu\u0142 przez prawie 20 lat.&nbsp;<\/p>\n\n\n\n<p>Dodatkow\u0105, jak\u017ce mi\u0142\u0105 motywacj\u0105 by\u0142y otrzymane przez wypraw\u0119 z 2022r laury. Najpierw w listopadzie 2022 nagroda im. Waldka Muchy, potem w marcu 2023 wyr\u00f3\u017cnienie przyznane przez Kapitu\u0142\u0119 Kolos\u00f3w w kategorii \u201ceksploracja jaski\u0144\u201d. Kiedy ju\u017c wydawa\u0142o nam si\u0119, \u017ce do\u015b\u0107 tych przyjemno\u015bci i czas zacz\u0105\u0107 przygotowania do nast\u0119pnej wyprawy nadchodzi do nas taka oto wiadomo\u015b\u0107. Mi\u0119dzynarodowa Unia Speleologiczna (UIS) pozytywnie rozpatrzy\u0142a wniosek Fundacji Speleologia Polska o wsparcie naszych dzia\u0142a\u0144 w Albanii przyznaj\u0105c nam pierwszy w historii polskich wypraw speleologicznych grant finansowy! Prawdziwy zaszczyt. Dzi\u0119kujemy.<\/p>\n\n\n\n<p>Trzecia wyprawa, tak jak i poprzednie, zosta\u0142a przez aklamacj\u0119 przekazana w r\u0119ce Micha\u0142a Macioszczyka. EMCE, ze wsparciem zmiennik\u00f3w, (szczeg\u00f3lnie w czasie, kiedy pracuje za granic\u0105) najpierw \u015bwietnie organizuje przygotowania, a potem kieruje sam\u0105 wypraw\u0105. Tu kilka s\u0142\u00f3w na temat samego procesu przygotowawczego.<\/p>\n\n\n\n<p>Nie jest tajemnic\u0105 \u017ce komputer i chmura danych nie s\u0105 moj\u0105 najsilniejsz\u0105 stron\u0105. Do tej pory wyprawy, kt\u00f3re organizowa\u0142em, dzia\u0142a\u0142y w systemie analogowym, przedkomputerowym, czyli po staremu. Kiedy wi\u0119c rozpoczynali\u015bmy w roku 2021 przygotowania do pierwszej, w ramach Projektu Valbona wyprawy, z pewn\u0105 doz\u0105 nie\u015bmia\u0142o\u015bci patrzy\u0142em jak nowe kierownictwo, wspierane hardwerowo-softwerowo przez Ewelin\u0119, pr\u00f3buje ogarn\u0105\u0107 wszystkie przygotowania tabel\u0105 w chmurze. Po pierwszej edycji wci\u0105\u017c mia\u0142em w\u0105tpliwo\u015bci: czy mieli farta i im si\u0119 uda\u0142o, czy te\u017c mo\u017ce to naprawd\u0119 dzia\u0142a. Statystyka nie k\u0142amie i teraz wiem ju\u017c na pewno: to dzia\u0142a. Kolejne wyprawy rodz\u0105 si\u0119 wyje\u017cd\u017caj\u0105 i dzia\u0142aj\u0105 po nowemu, oszcz\u0119dzaj\u0105c czas swoich uczestnik\u00f3w. Chyba ju\u017c nie ma powrotu do starego.<\/p>\n\n\n\n<p>Jest jeszcze jeden aspekt kt\u00f3ry pozwala mi spokojniej sypia\u0107 na wyprawie &#8211; to pedantyczna wr\u0119cz dba\u0142o\u015b\u0107 o bezpiecze\u0144stwo. Wyprawa corocznie bazuje na Grupie Ratownictwa Jaskiniowego, kt\u00f3ra ma zawsze swoj\u0105 liczn\u0105 reprezentacj\u0119. To bezcenne wsparcie, bo w Albanii &#8211; kraju, w kt\u00f3rym przysz\u0142o nam dzia\u0142a\u0107, nie ma g\u00f3rskich s\u0142u\u017cb ratowniczych. Tu nie wybiera si\u0119 numeru do miejscowego GOPR ani nie korzysta z aplikacji ratunek. Je\u015bli ju\u017c mamy na kogo\u015b liczy\u0107 &#8211; to tylko na siebie, w\u0142asn\u0105 organizacj\u0119 i zaplecze z Polski albo z zagranicy.<\/p>\n\n\n\n<figure class=\"wp-block-image size-full is-style-default\"><img loading=\"lazy\" decoding=\"async\" width=\"800\" height=\"600\" src=\"http:\/\/speleonews.pl\/valbona\/wp-content\/uploads\/2022\/11\/slawcio-1-i.jpg\" alt=\"\" class=\"wp-image-11926\" srcset=\"https:\/\/speleonews.pl\/valbona\/wp-content\/uploads\/2022\/11\/slawcio-1-i.jpg 800w, https:\/\/speleonews.pl\/valbona\/wp-content\/uploads\/2022\/11\/slawcio-1-i-300x225.jpg 300w, https:\/\/speleonews.pl\/valbona\/wp-content\/uploads\/2022\/11\/slawcio-1-i-768x576.jpg 768w, https:\/\/speleonews.pl\/valbona\/wp-content\/uploads\/2022\/11\/slawcio-1-i-16x12.jpg 16w\" sizes=\"(max-width: 800px) 100vw, 800px\" \/><\/figure>\n\n\n\n<p><strong>Tera\u017aniejszo\u015b\u0107<\/strong><\/p>\n\n\n\n<p>W roku 2023 do Albanii przybywamy 29 lipca. Ju\u017c na kolejny dzie\u0144 mamy zakontraktowany transport na g\u00f3rn\u0105 baz\u0119. Tradycyjnie wynajmujemy konie i tradycyjnie towarzyszy nam niepok\u00f3j, czy uda si\u0119 i tym razem. Alba\u0144ski rynek logistyki wyprawowej to nie umowa z operatorem \u015bmig\u0142owca w Alpach. Tu nic nie jest na pewno, tu nic nie jest nawet w perspektywie mocnego \u201cgdyby\u201d. Coroczne d\u0142ugie ustalenia z koniarzami to prawdziwa szko\u0142a negocjacji, a i tak nie wiadomo co z tego wyjdzie, a raczej &#8211; czy dojdzie. Ten rok by\u0142 dla nas transportowo \u0142askawy. Zapewne ci\u0119\u017cko zdobyte za nasze euro do\u015bwiadczenie daje coraz bardziej o sobie zna\u0107. Ku naszemu zdziwieniu, nim wszyscy zd\u0105\u017cyli si\u0119 obudzi\u0107, konie zabra\u0142y przygotowany dobytek, a wieczorem \u00f3w czeka\u0142 na bazie g\u00f3rnej w ca\u0142o\u015bci! Wkr\u00f3tce po koniach w g\u00f3r\u0119 ruszy\u0142a g\u0142\u00f3wna si\u0142a wyprawowa. Cel &#8211; budowa bazy g\u00f3rnej, a potem eksploracja.<\/p>\n\n\n\n<p>Po wyj\u015bciu w g\u00f3r\u0119 si\u0142 g\u0142\u00f3wnych, na bazie \u201eu Kola\u201d zostaje nasz sk\u0142ad naukowy. Andrea Pereswiet-Soltan &#8211; chiropterolog z ISEZ PAN w Krakowie iraz prof. Bogdan Ridush z Uniwersytetu w Czerniowcach. Andrea, nasz sta\u0142y bywalec, b\u0119dzie kontynuowa\u0142 swoje badania por\u00f3wnawcze nad nietoperzami w rejonach g\u00f3rskich Polski, W\u0142och i Albanii. Natomiast Bogdan to nasz tegoroczny debiutant. Skorzysta\u0142 z mojego zaproszenia do udzia\u0142u w wyprawie, za co chcia\u0142bym mu tutaj serdecznie podzi\u0119kowa\u0107. Ten wyjazd by\u0142 dla niego rekonesansem i ma da\u0107 odpowied\u017a co do mo\u017cliwych nowych kierunk\u00f3w bada\u0144 w Valbonie. A jest czym si\u0119 zajmowa\u0107, bo jego pasje to: osady jaskiniowe i ko\u015bci, a nie s\u0105 mu obce te\u017c t\u0142o geomorfologiczne i geologiczne, o czym szybko si\u0119 przekonali\u015bmy.<\/p>\n\n\n\n<p>Kiedy szpica wyprawy szykuje si\u0119 do wyj\u015bcia w g\u00f3r\u0119, tr\u00f3jka: Magda, Bogdan i ja ruszamy w teren. Dzie\u0144 wcze\u015bniej podczas wieczornych rozmow\u00f3w Bogdan poprosi\u0142 o czerwone osady. Nasz klient &#8211; nasz pan! Ruszamy do doliny Ceremit, gdzie mamy jaskini\u0119 pe\u0142n\u0105 takich w\u0142a\u015bnie czerwonych osad\u00f3w. Pobieramy pr\u00f3by do analizy i datowania, robimy dokumentacj\u0119 fotograficzn\u0105. Wszyscy szcz\u0119\u015bliwi.&nbsp;<\/p>\n\n\n\n<p>Celem kolejnego wyj\u015bcia w teren (31.07) jest jaskinia Shpella Haxhise. Wychodzimy p\u00f3\u017ano, bo Andrea chce roz\u0142o\u017cy\u0107 sieci w otworze, a Bogdan, wspierany przez Magd\u0119 S\u0142upi\u0144sk\u0105 i autora, ma zobaczy\u0107 jaskiniowe sedymenty, kt\u00f3rych w tej jaskini akurat bardzo du\u017co. Naszym celem jest wymiana i pobranie danych z rejestrator\u00f3w mikroklimatu, kt\u00f3re pracuj\u0105 w tej jaskini. Do otworu wchodzimy w czw\u00f3rk\u0119, bo na nietoperze jeszcze za wcze\u015bnie. Nie zd\u0105\u017cyli\u015bmy si\u0119 rozgo\u015bci\u0107 w jaskini, a ze strony naszych spec\u00f3w od ko\u015bci s\u0142ycha\u0107 i wida\u0107 podekscytowanie. Andrea wystaje nogami do g\u00f3ry ze szczeliny i walczy o widoczn\u0105 tam czaszk\u0119, w tym czasie Bogdan zbiera ko\u015bci, kt\u00f3rych, o dziwo, tu pe\u0142no. Tyle lat tu chodzimy z Magd\u0105 i nigdy ich nie by\u0142o, a jak pojawili si\u0119 ci co si\u0119 znaj\u0105 to nagle s\u0105?! Po paru godzinach mamy prawie kompletny szkielet i jeszcze dwa dodatkowe, kt\u00f3re zostaj\u0105 w miejscu ich odkrycia. <\/p>\n\n\n\n<figure class=\"wp-block-gallery has-nested-images columns-default is-cropped wp-block-gallery-1 is-layout-flex wp-block-gallery-is-layout-flex\">\n<figure class=\"wp-block-image size-large is-style-default\"><img loading=\"lazy\" decoding=\"async\" width=\"768\" height=\"1024\" data-id=\"12021\" src=\"http:\/\/speleonews.pl\/valbona\/wp-content\/uploads\/2023\/11\/SH-2-BR-czaszka-768x1024.jpg\" alt=\"\" class=\"wp-image-12021\" srcset=\"https:\/\/speleonews.pl\/valbona\/wp-content\/uploads\/2023\/11\/SH-2-BR-czaszka-768x1024.jpg 768w, https:\/\/speleonews.pl\/valbona\/wp-content\/uploads\/2023\/11\/SH-2-BR-czaszka-225x300.jpg 225w, https:\/\/speleonews.pl\/valbona\/wp-content\/uploads\/2023\/11\/SH-2-BR-czaszka-1152x1536.jpg 1152w, https:\/\/speleonews.pl\/valbona\/wp-content\/uploads\/2023\/11\/SH-2-BR-czaszka-9x12.jpg 9w, https:\/\/speleonews.pl\/valbona\/wp-content\/uploads\/2023\/11\/SH-2-BR-czaszka.jpg 1200w\" sizes=\"(max-width: 768px) 100vw, 768px\" \/><figcaption class=\"wp-element-caption\">Bogdan Ridush z czaszk\u0105 Capra Ibex<\/figcaption><\/figure>\n\n\n\n<figure class=\"wp-block-image size-large is-style-default\"><img loading=\"lazy\" decoding=\"async\" width=\"768\" height=\"1024\" data-id=\"12035\" src=\"http:\/\/speleonews.pl\/valbona\/wp-content\/uploads\/2023\/11\/SH-1-APS-768x1024.jpg\" alt=\"\" class=\"wp-image-12035\" srcset=\"https:\/\/speleonews.pl\/valbona\/wp-content\/uploads\/2023\/11\/SH-1-APS-768x1024.jpg 768w, https:\/\/speleonews.pl\/valbona\/wp-content\/uploads\/2023\/11\/SH-1-APS-225x300.jpg 225w, https:\/\/speleonews.pl\/valbona\/wp-content\/uploads\/2023\/11\/SH-1-APS-1152x1536.jpg 1152w, https:\/\/speleonews.pl\/valbona\/wp-content\/uploads\/2023\/11\/SH-1-APS-9x12.jpg 9w, https:\/\/speleonews.pl\/valbona\/wp-content\/uploads\/2023\/11\/SH-1-APS.jpg 1200w\" sizes=\"(max-width: 768px) 100vw, 768px\" \/><figcaption class=\"wp-element-caption\">Andrea wyciaga ko\u015bci ze szczeliny<\/figcaption><\/figure>\n<\/figure>\n\n\n\n<p>Wychodzimy z jaskini i zaczynamy \u0142owy. Andrea zachwycony u\u017cywa s\u0142\u00f3w typu \u201eswarming\u201d, a nietoperze jeden po drugim l\u0105duj\u0105 w sieci i tym samym do bada\u0144. Bogdan i ja zabieramy jaskiniowe ko\u015bciste trofea i zaczynamy nocne zej\u015bcie. Magda i Andrea, gdy zmierz\u0105 ostatnie z\u0142apane nietoperze, te\u017c rusz\u0105 za nami. G\u00f3rna cz\u0119\u015b\u0107 zej\u015bcia jest miejscami eksponowana, wymaga skupienia. Bezproblemowo docieramy do szlaku, \u0142\u0105czymy si\u0119 z \u201eg\u00f3r\u0105\u201d bo spodziewamy si\u0119, \u017ce ju\u017c wyszli z trudno\u015bci, wi\u0119c i my kontynuujemy zej\u015bcie. Jeszcze nie wiem, \u017ce za chwil\u0119 sko\u0144czy si\u0119 m\u00f3j udzia\u0142 w wyprawie. Banalny po\u015blizg na posypanej \u017cwirkiem \u015bcie\u017cce generuje m\u00f3j niez\u0142y piruet i \u2026 wiem \u017ce mam problem. Dociera do mnie, \u017ce dobrze nie jest, i \u017ce\u00a0 nikt mnie st\u0105d nie zabierze do domu. Musz\u0119 zej\u015b\u0107 sam i wiem, \u017ce jak si\u0119 zatrzymam, to tu zostan\u0119. Informuj\u0119 Bogdana i tych \u201ena g\u00f3rze\u201d o sytuacji i schodz\u0119 z narastaj\u0105cymi bulem i opuchlizn\u0105.\u00a0 Dochodzimy do samochodu, nikt ju\u017c ze mnie nic wi\u0119cej nie wyci\u015bnie.\u00a0<\/p>\n\n\n\n<p><\/p>\n\n\n\n<p><\/p>\n\n\n\n<p><strong>Na g\u00f3rze<\/strong><br>Od tego momentu wyprawa staje si\u0119 dla mnie zdalna.\u00a0 Wyprawowe radio b\u0119dzie dla mnie przez kolejne 10 dni oknem na \u015bwiat dziej\u0105cej si\u0119 1000 m powy\u017cej wyprawy. Od tego miejsca b\u0119dzie to wi\u0119c sprawozdanie z wyprawy, na kt\u00f3rej mnie nie by\u0142o.<br><br>P\u00f3ki co ekipa dolna szykuje si\u0119 do wyj\u015bcia na plateau. Start si\u0119 przesuwa, bo kolejny konny transport b\u0119dzie za dwa dni (02.08). Dzie\u0144 bazowy Bogdan wykorzystuje na analiz\u0119 zniesionego kostnego miszmaszu. Po kilku godzinach mycia i czyszczenia padaj\u0105 magiczne s\u0142owa Capra Ibex &#8211; kozioro\u017cec alpejski. I to ci jest zagadka, Bogdan nic nie wie aby tutaj wyst\u0119powa\u0142 i by\u0142 opisywany. Szkielet zosta\u0142 posk\u0142adany i budzi ciekawo\u015b\u0107, a licznie odwiedzaj\u0105cy nas go\u015bcie m\u00f3wi\u0105, \u017ce pokazane im na zdj\u0119ciach zwierz\u0119 tu nie wyst\u0119puje.\u00a0<br><br>Kiedy my tu ekscytujemy si\u0119 Ibexem radio zaczyna meldowa\u0107: a to, \u017ce ob\u00f3z g\u00f3rny powsta\u0142, a to, \u017ce depozyty przetrwa\u0142y, a to, \u017ce \u015bniegu w g\u00f3rach du\u017co wi\u0119cej ni\u017c w roku poprzednim. Radio powiedzia\u0142o te\u017c, \u017ce w\u0142a\u015bnie zak\u0142ada si\u0119 \u0142\u0105czno\u015b\u0107 telefoniczna w Shpella e Valbones od otworu do biwaku na &#8211; 400. Ruszy\u0142y pierwsze zaopatrzeniowe transporty. Zacz\u0119\u0142o si\u0119 dzia\u0107. Korzystaj\u0105c z ostatniego dnia pogody przed zbli\u017caj\u0105cym si\u0119 podobno jej za\u0142amaniem, ostatnia grupa opuszcza doln\u0105 baz\u0119 i rusza do g\u00f3ry w \u015blad za ko\u0144mi, kt\u00f3re wyprawi\u0142em wcze\u015bnie rano. Zostaj\u0119 sam. No oczywi\u015bcie nie licz\u0105c tych tabun\u00f3w turyst\u00f3w: W\u0142och\u00f3w, Francuz\u00f3w, Hiszpan\u00f3w, Niemc\u00f3w, i Alba\u0144czyk\u00f3w, kt\u00f3rzy codziennie docieraj\u0105 do \u201eGuest House Kol Gjoni\u201d. Z reszt\u0105 z\u00a0 tym \u201czosta\u0142em sam\u201d to troch\u0119 przesadzi\u0142em. Nasi alba\u0144scy przyjaciele dbaj\u0105 o mnie, bo jak tylko pojawiam si\u0119 nog\u0105 do przodu &#8211; pojawia si\u0119 kawa po alba\u0144sku. To mi\u0142a tradycja ta kawusia z raki.<br><br>W trakcie kolejnej \u0142\u0105czno\u015bci radyjko mi powiedzia\u0142o \u017ce wszyscy doszli na g\u00f3r\u0119 i \u017ce kolejnego poranka rusza pierwszy biwak eksploracyjny. Ruszamy pe\u0142n\u0105 par\u0105. Melduj\u0105 mi r\u00f3wnie\u017c, \u017ce za dwa dni b\u0119d\u0119 mia\u0142 go\u015bci z bazy, bo kto\u015b przyjdzie po zapomniane a potrzebne sprz\u0119ty oraz chleb, kt\u00f3ry mam za\u0142atwi\u0107. Przez dwa dni pozostaj\u0119 bez \u0142\u0105czno\u015bci, pogoda si\u0119 za\u0142amuje a z ni\u0105 propagacja. Zgodnie z planem schodzi ekipa po transport. Waldek i Konrad dopiero co wr\u00f3cili z transportu na biwak i ju\u017c s\u0105 na dole. Dzielne ch\u0142opaki. M\u00f3wi\u0105, \u017ce to, co na dole by\u0142o pewnym dyskomfortem pogodowym na g\u00f3rze zniszczy\u0142o namiot bazowy, trzeba go by\u0142o stawia\u0107 od nowa. Ale podobno teraz wytrzyma ju\u017c nawet huragan. Ch\u0142opaki wracaj\u0105 na plateau, a do mnie wraca \u0142\u0105czno\u015b\u0107, wi\u0119c dwa razy dziennie mam informacje z biwaku w jaskini i z bazy.<\/p>\n\n\n\n<figure class=\"wp-block-image size-large is-style-default\"><img loading=\"lazy\" decoding=\"async\" width=\"1024\" height=\"896\" src=\"http:\/\/speleonews.pl\/valbona\/wp-content\/uploads\/2023\/11\/wyjscie-z-biwaku-Valbones-2023-1024x896.jpg\" alt=\"\" class=\"wp-image-12027\" srcset=\"https:\/\/speleonews.pl\/valbona\/wp-content\/uploads\/2023\/11\/wyjscie-z-biwaku-Valbones-2023-1024x896.jpg 1024w, https:\/\/speleonews.pl\/valbona\/wp-content\/uploads\/2023\/11\/wyjscie-z-biwaku-Valbones-2023-300x263.jpg 300w, https:\/\/speleonews.pl\/valbona\/wp-content\/uploads\/2023\/11\/wyjscie-z-biwaku-Valbones-2023-768x672.jpg 768w, https:\/\/speleonews.pl\/valbona\/wp-content\/uploads\/2023\/11\/wyjscie-z-biwaku-Valbones-2023-14x12.jpg 14w, https:\/\/speleonews.pl\/valbona\/wp-content\/uploads\/2023\/11\/wyjscie-z-biwaku-Valbones-2023.jpg 1200w\" sizes=\"(max-width: 1024px) 100vw, 1024px\" \/><figcaption class=\"wp-element-caption\">Shpella e Valbones &#8211; wyj\u015bcie z biwaku<\/figcaption><\/figure>\n\n\n\n<p><br><br>Dobre wie\u015bci z biwaku &#8211; jaskinia puszcza w miejscu zesz\u0142orocznego przodka i powoli zbli\u017camy si\u0119 do granicy &#8211; 700 m.\u00a0 Baza \u017cyje normalnym rytmem, a Bogdan i Andrea robi\u0105 swoje naukowe co nieco bo pogoda znowu sprzyja.<br><br>W sobot\u0119 (05.08) mija pierwszy tydzie\u0144 wyprawy. Dzisiaj ma dojecha\u0107 Micha\u0142. Pojawia si\u0119 ko\u0142o po\u0142udnia, odbiera swoje radyjko i znika. Kilka razy b\u0119d\u0119 mu potrzebny, bo jest tu pierwszy raz, a na podej\u015bciu jest kilka miejsc, gdzie mo\u017cna zej\u015b\u0107 na z\u0142\u0105 drog\u0119. W trakcie kolejnych \u0142\u0105czno\u015bci dowiaduj\u0119 si\u0119, \u017ce kruszyzny na tzw. dnie przekroczy\u0142y granic\u0119 zdrowego rozs\u0105dku. Owszem &#8211; wida\u0107 kolejn\u0105 studni\u0119, ale nijak nie mo\u017cna si\u0119 do niej dosta\u0107. Za krucho. Znalezienie obej\u015bcia to b\u0119dzie praca na najbli\u017csze dni. Kiedy na dnie pojawi\u0142y si\u0119 trudno\u015bci, w sali biwakowej r\u00f3wnie\u017c dominuje nadmiar problem\u00f3w. Radio powiedzia\u0142o, \u017ce sala w zesz\u0142ym roku zosta\u0142a niedoszacowana i dalej si\u0119 kontynuuje. Pomiary zrobione przez Budynia i Ewelin\u0119 wska\u017c\u0105 na d\u0142ugo\u015b\u0107 ok 180 m. Z sali odchodz\u0105 te\u017c studnie. Jest co eksplorowa\u0107 i mierzy\u0107 &#8211; a\u017c za du\u017co na te moce przerobowe.<\/p>\n\n\n\n<figure class=\"wp-block-gallery has-nested-images columns-default is-cropped wp-block-gallery-2 is-layout-flex wp-block-gallery-is-layout-flex\">\n<figure class=\"wp-block-image size-large is-style-default\"><img loading=\"lazy\" decoding=\"async\" width=\"1024\" height=\"969\" data-id=\"12038\" src=\"http:\/\/speleonews.pl\/valbona\/wp-content\/uploads\/2023\/11\/Przy-biwaku-2023-1-1024x969.jpg\" alt=\"\" class=\"wp-image-12038\" srcset=\"https:\/\/speleonews.pl\/valbona\/wp-content\/uploads\/2023\/11\/Przy-biwaku-2023-1-1024x969.jpg 1024w, https:\/\/speleonews.pl\/valbona\/wp-content\/uploads\/2023\/11\/Przy-biwaku-2023-1-300x284.jpg 300w, https:\/\/speleonews.pl\/valbona\/wp-content\/uploads\/2023\/11\/Przy-biwaku-2023-1-768x726.jpg 768w, https:\/\/speleonews.pl\/valbona\/wp-content\/uploads\/2023\/11\/Przy-biwaku-2023-1-13x12.jpg 13w, https:\/\/speleonews.pl\/valbona\/wp-content\/uploads\/2023\/11\/Przy-biwaku-2023-1.jpg 1200w\" sizes=\"(max-width: 1024px) 100vw, 1024px\" \/><figcaption class=\"wp-element-caption\">Doj\u015bcie do biwaku w Shpella e Valbones<\/figcaption><\/figure>\n\n\n\n<figure class=\"wp-block-image size-large is-style-default\"><img loading=\"lazy\" decoding=\"async\" width=\"976\" height=\"1024\" data-id=\"12023\" src=\"http:\/\/speleonews.pl\/valbona\/wp-content\/uploads\/2023\/11\/SS-7-most-976x1024.jpg\" alt=\"\" class=\"wp-image-12023\" srcset=\"https:\/\/speleonews.pl\/valbona\/wp-content\/uploads\/2023\/11\/SS-7-most-976x1024.jpg 976w, https:\/\/speleonews.pl\/valbona\/wp-content\/uploads\/2023\/11\/SS-7-most-286x300.jpg 286w, https:\/\/speleonews.pl\/valbona\/wp-content\/uploads\/2023\/11\/SS-7-most-768x806.jpg 768w, https:\/\/speleonews.pl\/valbona\/wp-content\/uploads\/2023\/11\/SS-7-most-11x12.jpg 11w, https:\/\/speleonews.pl\/valbona\/wp-content\/uploads\/2023\/11\/SS-7-most.jpg 1200w\" sizes=\"(max-width: 976px) 100vw, 976px\" \/><figcaption class=\"wp-element-caption\">Shpella Sportive &#8211; Most<\/figcaption><\/figure>\n<\/figure>\n\n\n\n<p><br><br>Kolejna \u0142\u0105czno\u015b\u0107 po propagacyjnej przerwie i nowe wiadomo\u015bci. Wszystkie nowe ci\u0105gi zosta\u0142y skartowane, zespo\u0142y zaczynaj\u0105 si\u0119 wycofywa\u0107 z biwaku. W poszukiwaniu obej\u015bcia kruszyzn rusza kolejna ekipa. Czy im si\u0119 uda? Tak! Uda\u0142o si\u0119! Zjechali na dno studni,\u00a0 szacuj\u0105 g\u0142\u0119boko\u015b\u0107 na -720 m.\u00a0 W tym czasie na powierzchni trwa poszukiwanie nowego. Magda z Mart\u0105, \u017bo\u0142nierzem i Micha\u0142em wchodz\u0105 do Shpella Akullt pobra\u0107 pr\u00f3bki lodu, odczyta\u0107 dane i zainstalowa\u0107 nowy logger. Zaskakuje ich ogromna ilo\u015b\u0107 \u015bniegu w ca\u0142ej jaskini (w roku 2022 nie by\u0142o go wcale).<\/p>\n\n\n\n<figure class=\"wp-block-gallery has-nested-images columns-default is-cropped wp-block-gallery-3 is-layout-flex wp-block-gallery-is-layout-flex\">\n<figure class=\"wp-block-image size-large is-style-default\"><img loading=\"lazy\" decoding=\"async\" width=\"1024\" height=\"606\" data-id=\"12024\" src=\"http:\/\/speleonews.pl\/valbona\/wp-content\/uploads\/2023\/11\/SS-11-trawers-1024x606.jpg\" alt=\"\" class=\"wp-image-12024\" srcset=\"https:\/\/speleonews.pl\/valbona\/wp-content\/uploads\/2023\/11\/SS-11-trawers-1024x606.jpg 1024w, https:\/\/speleonews.pl\/valbona\/wp-content\/uploads\/2023\/11\/SS-11-trawers-300x178.jpg 300w, https:\/\/speleonews.pl\/valbona\/wp-content\/uploads\/2023\/11\/SS-11-trawers-768x454.jpg 768w, https:\/\/speleonews.pl\/valbona\/wp-content\/uploads\/2023\/11\/SS-11-trawers-18x12.jpg 18w, https:\/\/speleonews.pl\/valbona\/wp-content\/uploads\/2023\/11\/SS-11-trawers.jpg 1200w\" sizes=\"(max-width: 1024px) 100vw, 1024px\" \/><figcaption class=\"wp-element-caption\">Shpella Sportive<\/figcaption><\/figure>\n\n\n\n<figure class=\"wp-block-image size-large is-style-default\"><img loading=\"lazy\" decoding=\"async\" width=\"1024\" height=\"974\" data-id=\"12036\" src=\"http:\/\/speleonews.pl\/valbona\/wp-content\/uploads\/2023\/11\/SS-2-wej-1024x974.jpg\" alt=\"\" class=\"wp-image-12036\" srcset=\"https:\/\/speleonews.pl\/valbona\/wp-content\/uploads\/2023\/11\/SS-2-wej-1024x974.jpg 1024w, https:\/\/speleonews.pl\/valbona\/wp-content\/uploads\/2023\/11\/SS-2-wej-300x285.jpg 300w, https:\/\/speleonews.pl\/valbona\/wp-content\/uploads\/2023\/11\/SS-2-wej-768x730.jpg 768w, https:\/\/speleonews.pl\/valbona\/wp-content\/uploads\/2023\/11\/SS-2-wej-13x12.jpg 13w, https:\/\/speleonews.pl\/valbona\/wp-content\/uploads\/2023\/11\/SS-2-wej.jpg 1200w\" sizes=\"(max-width: 1024px) 100vw, 1024px\" \/><figcaption class=\"wp-element-caption\">Shpella Sportive<\/figcaption><\/figure>\n<\/figure>\n\n\n\n<p><br><br>Powoli zaczyna si\u0119 akcja powr\u00f3t, jako pierwsza w d\u00f3\u0142 schodzi ekipa naukowa, maj\u0105 jeszcze sprawy do za\u0142atwienia. Moja noga nie nadaje si\u0119 jeszcze do pracy, ale mamy jedno auto z automatem, wi\u0119c odbieram schodz\u0105cych na ko\u0144cu drogi oszcz\u0119dzaj\u0105c im sporego kawa\u0142ka zej\u015bcia. Na pewno im to podoba, nawet je\u015bli nie powiedzieli tego na g\u0142os.<br><br>W pi\u0105tek 11.08 baza g\u00f3rna jest zlikwidowana i wszyscy spotykaj\u0105 si\u0119 na dole. Wieczorem tradycyjna wsp\u00f3lna kolacja w tym roku po\u0142\u0105czona z urodzinami naszych dw\u00f3ch wyprawowiczek. Ekspedycja dobieg\u0142a ko\u0144ca.<\/p>\n\n\n\n<p><strong>Podsumowanie<\/strong><\/p>\n\n\n\n<p>Shpella e Valbones ma ju\u017c -725 m g\u0142\u0119boko\u015bci i 1948 m d\u0142ugo\u015bci. Najg\u0142\u0119bsza jaskinia Albanii jest jeszcze g\u0142\u0119bsza, a przy okazji zosta\u0142a najg\u0142\u0119bsz\u0105 jaskini\u0105 G\u00f3r Prokletije. Zostawili\u015bmy wiele otwartych problem\u00f3w wi\u0119c chyba tam wr\u00f3cimy r\u00f3wnie\u017c za rok.<\/p>\n\n\n\n<p>Mi\u0119dzynarodowa \u015brodowiskowa wyprawa Albania 2023 trwa\u0142a od 29.07.2023 do 02.08.2023 i by\u0142a trzeci\u0105 w ramach Projektu Valbona Fundacji Speleologia Polska.<\/p>\n\n\n\n<p>W wyprawie uczestniczy\u0142o 19 speleolog\u00f3w z 3 kraj\u00f3w (Polski, Ukrainy i W\u0142och reprezentuj\u0105cych 13 klub\u00f3w i organizacji.<\/p>\n\n\n\n<p>Byli to: Waldemar Bartosik (Speleoklub \u0141\u00f3dzki) Marcin Buga\u0142a (Wa\u0142brzyski Klub G\u00f3rski i Jaskiniowy), Marta Czech (Speleoklub Wroc\u0142aw), Micha\u0142 Gabzdyl (STJ Krak\u00f3w) Tomasz&nbsp; G\u0105siorek (Speleoklub Gawra), Natalia Kubiak (Wa\u0142brzyski Klub G\u00f3rski i Jaskiniowy)Micha\u0142 Macioszczyk (Wielkopolski Klub Taternictwa Jaskiniowego) Edward Monarshek (Ukraine, Speleoklub \u201ePodilia\u201d, Speleoklub \u0141\u00f3dzki) Artem Nazarenko (Ukraine, Speleoklub \u0141\u00f3dzki), Tomasz Pacia (Speleoklub Olkusz), \u0141ukasz Pasternak (Speleoklub \u0141\u00f3dzki), Andrea Pereswiet-Soltan (Italy, Club Speleologico Proteo), Justyna Pokorska (Wa\u0142brzyski Klub G\u00f3rski i Jaskiniowy), \u0141ukasz Pokorski (Klub Alpinistyczny GB GOPR), Mariusz Polok (Fundacja Speleologia Polska), Ewelina Raczy\u0144ska (Sekcja Groto\u0142az\u00f3w Wroc\u0142aw) Bogdan Ridush (Ukraine, Chernivtsi Speleological Club Troglodite, Chernivtsi University), Magdalena S\u0142upi\u0144ska (Fundacja Speleologia Polska), Konrad Sosulski (Wa\u0142brzyski Klub G\u00f3rski i Jaskiniowy).<\/p>\n\n\n\n<figure class=\"wp-block-image size-full is-style-default\"><img loading=\"lazy\" decoding=\"async\" width=\"800\" height=\"576\" src=\"http:\/\/speleonews.pl\/valbona\/wp-content\/uploads\/2023\/11\/Albania-2023-strazak-int.jpg\" alt=\"\" class=\"wp-image-12028\" srcset=\"https:\/\/speleonews.pl\/valbona\/wp-content\/uploads\/2023\/11\/Albania-2023-strazak-int.jpg 800w, https:\/\/speleonews.pl\/valbona\/wp-content\/uploads\/2023\/11\/Albania-2023-strazak-int-300x216.jpg 300w, https:\/\/speleonews.pl\/valbona\/wp-content\/uploads\/2023\/11\/Albania-2023-strazak-int-768x553.jpg 768w, https:\/\/speleonews.pl\/valbona\/wp-content\/uploads\/2023\/11\/Albania-2023-strazak-int-18x12.jpg 18w\" sizes=\"(max-width: 800px) 100vw, 800px\" \/><figcaption class=\"wp-element-caption\">Uczestnicy wyprawy Projekt Valbona 2023<\/figcaption><\/figure>\n","protected":false},"excerpt":{"rendered":"<p>Mariusz Polok Retrospekcja Opuszczaj\u0105c Albani\u0119 w roku 2022 wiedzieli\u015bmy \u017ce&hellip;<\/p>\n<p> <a class=\"more-link\" href=\"https:\/\/speleonews.pl\/valbona\/eksploracja\/2023-albania-valbona-oczami-radiowca\/\">Czytaj dalej<\/a><\/p>\n","protected":false},"author":1,"featured_media":12023,"parent":11633,"menu_order":0,"comment_status":"closed","ping_status":"closed","template":"","meta":{"footnotes":""},"_links":{"self":[{"href":"https:\/\/speleonews.pl\/valbona\/wp-json\/wp\/v2\/pages\/12032"}],"collection":[{"href":"https:\/\/speleonews.pl\/valbona\/wp-json\/wp\/v2\/pages"}],"about":[{"href":"https:\/\/speleonews.pl\/valbona\/wp-json\/wp\/v2\/types\/page"}],"author":[{"embeddable":true,"href":"https:\/\/speleonews.pl\/valbona\/wp-json\/wp\/v2\/users\/1"}],"replies":[{"embeddable":true,"href":"https:\/\/speleonews.pl\/valbona\/wp-json\/wp\/v2\/comments?post=12032"}],"version-history":[{"count":3,"href":"https:\/\/speleonews.pl\/valbona\/wp-json\/wp\/v2\/pages\/12032\/revisions"}],"predecessor-version":[{"id":12040,"href":"https:\/\/speleonews.pl\/valbona\/wp-json\/wp\/v2\/pages\/12032\/revisions\/12040"}],"up":[{"embeddable":true,"href":"https:\/\/speleonews.pl\/valbona\/wp-json\/wp\/v2\/pages\/11633"}],"wp:featuredmedia":[{"embeddable":true,"href":"https:\/\/speleonews.pl\/valbona\/wp-json\/wp\/v2\/media\/12023"}],"wp:attachment":[{"href":"https:\/\/speleonews.pl\/valbona\/wp-json\/wp\/v2\/media?parent=12032"}],"curies":[{"name":"wp","href":"https:\/\/api.w.org\/{rel}","templated":true}]}}