{"id":12020,"date":"2023-11-06T12:54:57","date_gmt":"2023-11-06T12:54:57","guid":{"rendered":"http:\/\/speleonews.pl\/valbona\/?page_id=12020"},"modified":"2023-11-06T12:54:57","modified_gmt":"2023-11-06T12:54:57","slug":"2023-miedzynarodowa-wyprawa-srodowiskowa-projekt-valbona","status":"publish","type":"page","link":"https:\/\/speleonews.pl\/valbona\/eksploracja\/2023-miedzynarodowa-wyprawa-srodowiskowa-projekt-valbona\/","title":{"rendered":"2023 Mi\u0119dzynarodowa wyprawa \u015brodowiskowa Projekt Valbona"},"content":{"rendered":"\n<p>Wyprawa dzia\u0142a\u0142a w okresie 28\/07\/2023 do 12\/08\/2023. G\u0142\u00f3wnym celem by\u0142a kontynuacja eksploracji w jaskini Shpella e Valbones (-637 m g\u0142\u0119boko\u015bci i 1301 m d\u0142ugo\u015bci). Jaskinia ta w roku 2022 sta\u0142a si\u0119 najg\u0142\u0119bsz\u0105 w Albanii.<br>W roku 2023 po za\u0142o\u017ceniu biwaku kontynuowano eksploracj\u0119 tej jaskini. Skupiono si\u0119 na partiach kontynuuj\u0105cych si\u0119 od zesz\u0142orocznego dna. Eksplorowano tak\u017ce nowe ci\u0105gi odchodz\u0105ce z sali Gjoni. Jaskinia ta osi\u0105gn\u0119\u0142a deniwelacj\u0119 727 m (g\u0142\u0119boko\u015b\u0107 &#8211; 725). Shpella e Valbones jest aktualnie najg\u0142\u0119bsz\u0105 jaskini\u0105 g\u00f3r Prokletije i Albanii.<\/p>\n\n\n\n<figure class=\"wp-block-gallery has-nested-images columns-default is-cropped wp-block-gallery-1 is-layout-flex wp-block-gallery-is-layout-flex\">\n<figure class=\"wp-block-image size-large is-style-default\"><img loading=\"lazy\" decoding=\"async\" width=\"1024\" height=\"606\" data-id=\"12024\" src=\"http:\/\/speleonews.pl\/valbona\/wp-content\/uploads\/2023\/11\/SS-11-trawers-1024x606.jpg\" alt=\"\" class=\"wp-image-12024\" srcset=\"https:\/\/speleonews.pl\/valbona\/wp-content\/uploads\/2023\/11\/SS-11-trawers-1024x606.jpg 1024w, https:\/\/speleonews.pl\/valbona\/wp-content\/uploads\/2023\/11\/SS-11-trawers-300x178.jpg 300w, https:\/\/speleonews.pl\/valbona\/wp-content\/uploads\/2023\/11\/SS-11-trawers-768x454.jpg 768w, https:\/\/speleonews.pl\/valbona\/wp-content\/uploads\/2023\/11\/SS-11-trawers-18x12.jpg 18w, https:\/\/speleonews.pl\/valbona\/wp-content\/uploads\/2023\/11\/SS-11-trawers.jpg 1200w\" sizes=\"(max-width: 1024px) 100vw, 1024px\" \/><figcaption class=\"wp-element-caption\">Shpella Sportive<\/figcaption><\/figure>\n\n\n\n<figure class=\"wp-block-image size-large is-style-default\"><img loading=\"lazy\" decoding=\"async\" width=\"1024\" height=\"969\" data-id=\"12025\" src=\"http:\/\/speleonews.pl\/valbona\/wp-content\/uploads\/2023\/11\/Przy-biwaku-2023-1024x969.jpg\" alt=\"\" class=\"wp-image-12025\" srcset=\"https:\/\/speleonews.pl\/valbona\/wp-content\/uploads\/2023\/11\/Przy-biwaku-2023-1024x969.jpg 1024w, https:\/\/speleonews.pl\/valbona\/wp-content\/uploads\/2023\/11\/Przy-biwaku-2023-300x284.jpg 300w, https:\/\/speleonews.pl\/valbona\/wp-content\/uploads\/2023\/11\/Przy-biwaku-2023-768x726.jpg 768w, https:\/\/speleonews.pl\/valbona\/wp-content\/uploads\/2023\/11\/Przy-biwaku-2023-13x12.jpg 13w, https:\/\/speleonews.pl\/valbona\/wp-content\/uploads\/2023\/11\/Przy-biwaku-2023.jpg 1200w\" sizes=\"(max-width: 1024px) 100vw, 1024px\" \/><figcaption class=\"wp-element-caption\">Shpella e Valbones &#8211; okolice biwaku<\/figcaption><\/figure>\n\n\n\n<figure class=\"wp-block-image size-large is-style-default\"><img loading=\"lazy\" decoding=\"async\" width=\"1024\" height=\"896\" data-id=\"12027\" src=\"http:\/\/speleonews.pl\/valbona\/wp-content\/uploads\/2023\/11\/wyjscie-z-biwaku-Valbones-2023-1024x896.jpg\" alt=\"\" class=\"wp-image-12027\" srcset=\"https:\/\/speleonews.pl\/valbona\/wp-content\/uploads\/2023\/11\/wyjscie-z-biwaku-Valbones-2023-1024x896.jpg 1024w, https:\/\/speleonews.pl\/valbona\/wp-content\/uploads\/2023\/11\/wyjscie-z-biwaku-Valbones-2023-300x263.jpg 300w, https:\/\/speleonews.pl\/valbona\/wp-content\/uploads\/2023\/11\/wyjscie-z-biwaku-Valbones-2023-768x672.jpg 768w, https:\/\/speleonews.pl\/valbona\/wp-content\/uploads\/2023\/11\/wyjscie-z-biwaku-Valbones-2023-14x12.jpg 14w, https:\/\/speleonews.pl\/valbona\/wp-content\/uploads\/2023\/11\/wyjscie-z-biwaku-Valbones-2023.jpg 1200w\" sizes=\"(max-width: 1024px) 100vw, 1024px\" \/><figcaption class=\"wp-element-caption\">Shpella e Valbones &#8211; wyj\u015bcie z biwaku<\/figcaption><\/figure>\n<\/figure>\n\n\n\n<p><br>Tradycyjnie r\u00f3wnolegle z dzia\u0142alno\u015bci\u0105 eksploracyjn\u0105 prowadzone by\u0142y badania poznawcze \u015brodowiska przyrodniczego doliny Valbony. Naszym go\u015bciem by\u0142 Prof. Bogdan Ridush z Uniwersytetu w Czerniowcach (Ukraina). Jego dzia\u0142alno\u015b\u0107 by\u0142a nakierowana na poznanie geologiczne, morfologiczne i paleozoologiczne terenu i jaski\u0144. W ramach mi\u0119dzynarodowego projektu dr. Andrea Peresveit Soltan kontynuowa\u0142 badania nad faun\u0105 nietoperzy w dolinie Valbony<\/p>\n\n\n\n<figure class=\"wp-block-gallery has-nested-images columns-default is-cropped wp-block-gallery-2 is-layout-flex wp-block-gallery-is-layout-flex\">\n<figure class=\"wp-block-image size-large is-style-default\"><img loading=\"lazy\" decoding=\"async\" width=\"768\" height=\"1024\" data-id=\"12021\" src=\"http:\/\/speleonews.pl\/valbona\/wp-content\/uploads\/2023\/11\/SH-2-BR-czaszka-768x1024.jpg\" alt=\"\" class=\"wp-image-12021\" srcset=\"https:\/\/speleonews.pl\/valbona\/wp-content\/uploads\/2023\/11\/SH-2-BR-czaszka-768x1024.jpg 768w, https:\/\/speleonews.pl\/valbona\/wp-content\/uploads\/2023\/11\/SH-2-BR-czaszka-225x300.jpg 225w, https:\/\/speleonews.pl\/valbona\/wp-content\/uploads\/2023\/11\/SH-2-BR-czaszka-1152x1536.jpg 1152w, https:\/\/speleonews.pl\/valbona\/wp-content\/uploads\/2023\/11\/SH-2-BR-czaszka-9x12.jpg 9w, https:\/\/speleonews.pl\/valbona\/wp-content\/uploads\/2023\/11\/SH-2-BR-czaszka.jpg 1200w\" sizes=\"(max-width: 768px) 100vw, 768px\" \/><figcaption class=\"wp-element-caption\">Bogdan Ridush z czaszk\u0105 Capra Ibex<\/figcaption><\/figure>\n\n\n\n<figure class=\"wp-block-image size-large is-style-default\"><img loading=\"lazy\" decoding=\"async\" width=\"795\" height=\"1024\" data-id=\"12022\" src=\"http:\/\/speleonews.pl\/valbona\/wp-content\/uploads\/2023\/11\/SH-hobo-795x1024.jpg\" alt=\"\" class=\"wp-image-12022\" srcset=\"https:\/\/speleonews.pl\/valbona\/wp-content\/uploads\/2023\/11\/SH-hobo-795x1024.jpg 795w, https:\/\/speleonews.pl\/valbona\/wp-content\/uploads\/2023\/11\/SH-hobo-233x300.jpg 233w, https:\/\/speleonews.pl\/valbona\/wp-content\/uploads\/2023\/11\/SH-hobo-768x989.jpg 768w, https:\/\/speleonews.pl\/valbona\/wp-content\/uploads\/2023\/11\/SH-hobo-1192x1536.jpg 1192w, https:\/\/speleonews.pl\/valbona\/wp-content\/uploads\/2023\/11\/SH-hobo-9x12.jpg 9w, https:\/\/speleonews.pl\/valbona\/wp-content\/uploads\/2023\/11\/SH-hobo.jpg 1200w\" sizes=\"(max-width: 795px) 100vw, 795px\" \/><figcaption class=\"wp-element-caption\">Rejestrator temperatury i wilgotno\u015bci w Shpella Haxise<\/figcaption><\/figure>\n<\/figure>\n\n\n\n<p>Mi\u0119dzynarodowa \u015brodowiskowa wyprawa \u201eAlbania 2023\u201d by\u0142a trzeci\u0105 w ramach Projektu Valbona Fundacji Speleologia Polska. Wypraw\u0105 kierowa\u0142 Micha\u0142 Macioszczyk.<\/p>\n\n\n\n<ul>\n<li>Waldemar Bartosik <em>Speleoklub \u0141\u00f3dzki<\/em><\/li>\n\n\n\n<li>Marcin Buga\u0142a W<em>a\u0142brzyski Klub G\u00f3rski i Jaskiniowy<\/em><\/li>\n\n\n\n<li>Marta Czech <em>Speleoklub Wroc\u0142aw<\/em><\/li>\n\n\n\n<li>Micha\u0142 Gabzdyl <em>STJ Krak\u00f3w<\/em><\/li>\n\n\n\n<li>Tomasz G\u0105siorek <em>Speleoklub Gawra<\/em><\/li>\n\n\n\n<li>Natalia Kubiak <em>Wa\u0142brzyski Klub G\u00f3rski i Jaskiniowy<\/em><\/li>\n\n\n\n<li>Micha\u0142 Macioszczyk <em>Wielkopolski Klub Taternictwa Jaskiniowego<\/em><\/li>\n\n\n\n<li>Edward Monarshek <em>Ukraine Speleoklub \u201ePodilia\u201d, Speleoklub \u0141\u00f3dzki<\/em><\/li>\n\n\n\n<li>Artem Nazarenko Ukraine Speleoklub \u0141\u00f3dzki<\/li>\n\n\n\n<li>Tomasz Pacia <em>Speleoklub Olkusz<\/em><\/li>\n\n\n\n<li>\u0141ukasz Pasternak <em>Speleoklub \u0141\u00f3dzki<\/em><\/li>\n\n\n\n<li>Andrea Pereswiet-Soltan <em>Italy &#8211; Club Speleologico Proteo<\/em><\/li>\n\n\n\n<li>Justyna Pokorska <em>Wa\u0142brzyski Klub G\u00f3rski i Jaskiniowy<\/em><\/li>\n\n\n\n<li>\u0141ukasz Pokorski <em>Klub Alpinistyczny GOPR<\/em><\/li>\n\n\n\n<li>Mariusz Polok <em>Fundacja Speleologia Polska<\/em><\/li>\n\n\n\n<li>Ewelina Raczy\u0144ska <em>Sekcja Groto\u0142az\u00f3w Wroc\u0142aw<\/em><\/li>\n\n\n\n<li>Bogdan Ridush <em>Ukraine &#8211; Chernivtsi Speleological Club Troglodite<\/em>, <em>Chernivtsi Universi<\/em>ty<\/li>\n\n\n\n<li>Magdalena S\u0142upi\u0144ska <em>Fundacja Speleologia Polska<\/em><\/li>\n\n\n\n<li>Konrad Sosulski <em>Wa\u0142brzyski Klub G\u00f3rski i Jaskiniowy<\/em><\/li>\n<\/ul>\n","protected":false},"excerpt":{"rendered":"<p>Wyprawa dzia\u0142a\u0142a w okresie 28\/07\/2023 do 12\/08\/2023. G\u0142\u00f3wnym celem by\u0142a&hellip;<\/p>\n<p> <a class=\"more-link\" href=\"https:\/\/speleonews.pl\/valbona\/eksploracja\/2023-miedzynarodowa-wyprawa-srodowiskowa-projekt-valbona\/\">Czytaj dalej<\/a><\/p>\n","protected":false},"author":1,"featured_media":12028,"parent":11633,"menu_order":0,"comment_status":"closed","ping_status":"closed","template":"","meta":{"footnotes":""},"_links":{"self":[{"href":"https:\/\/speleonews.pl\/valbona\/wp-json\/wp\/v2\/pages\/12020"}],"collection":[{"href":"https:\/\/speleonews.pl\/valbona\/wp-json\/wp\/v2\/pages"}],"about":[{"href":"https:\/\/speleonews.pl\/valbona\/wp-json\/wp\/v2\/types\/page"}],"author":[{"embeddable":true,"href":"https:\/\/speleonews.pl\/valbona\/wp-json\/wp\/v2\/users\/1"}],"replies":[{"embeddable":true,"href":"https:\/\/speleonews.pl\/valbona\/wp-json\/wp\/v2\/comments?post=12020"}],"version-history":[{"count":1,"href":"https:\/\/speleonews.pl\/valbona\/wp-json\/wp\/v2\/pages\/12020\/revisions"}],"predecessor-version":[{"id":12029,"href":"https:\/\/speleonews.pl\/valbona\/wp-json\/wp\/v2\/pages\/12020\/revisions\/12029"}],"up":[{"embeddable":true,"href":"https:\/\/speleonews.pl\/valbona\/wp-json\/wp\/v2\/pages\/11633"}],"wp:featuredmedia":[{"embeddable":true,"href":"https:\/\/speleonews.pl\/valbona\/wp-json\/wp\/v2\/media\/12028"}],"wp:attachment":[{"href":"https:\/\/speleonews.pl\/valbona\/wp-json\/wp\/v2\/media?parent=12020"}],"curies":[{"name":"wp","href":"https:\/\/api.w.org\/{rel}","templated":true}]}}