{"id":11948,"date":"2022-12-11T11:51:44","date_gmt":"2022-12-11T11:51:44","guid":{"rendered":"http:\/\/speleonews.pl\/valbona\/?page_id=11948"},"modified":"2022-12-11T13:40:02","modified_gmt":"2022-12-11T13:40:02","slug":"2022-raport-z-badan-chiropterologicznych","status":"publish","type":"page","link":"https:\/\/speleonews.pl\/valbona\/badania-naukowe\/2022-raport-z-badan-chiropterologicznych\/","title":{"rendered":"2022 &#8211; Raport z bada\u0144 chiropterologicznych"},"content":{"rendered":"\n<p>Dr <strong>Andrea Pereswiet-Soltan<\/strong><\/p>\n\n\n\n<p>Badania prowadzone podczas \u015brodowiskowej Polsko-w\u0142oskiej wyprawy do Albanii zorganizowanej w sierpniu 2022 roku nastawione by\u0142y na osi\u0105gni\u0119cie 3 g\u0142\u00f3wnych cel\u00f3w chiropterologicznych:<\/p>\n\n\n\n<ol>\n<li>Rejestracja lataj\u0105cych nietoperzy wewn\u0105trz i na zewn\u0105trz wybranych jaski\u0144 w celu sprawdzenia ich aktywno\u015bci za pomoc\u0105 automatycznych detektor\u00f3w nietoperzy. Przy otworach jaski\u0144 umieszczono mikrofony Dodotronic 384K BLE (fot. 1, 2, 3). Mikrofony zosta\u0142y ustawione w tryb wyzwalania (aby aktywowa\u0142y si\u0119 po wykryciu d\u017awi\u0119k\u00f3w i ultrad\u017awi\u0119k\u00f3w emitowanych przez nietoperze i inne zwierz\u0119ta) w przedziale czasowym od p\u00f3\u0142 godziny przed zachodem s\u0142o\u0144ca do p\u00f3\u0142 godziny po zachodzie s\u0142o\u0144ca;<\/li>\n\n\n\n<li>Sprawdzenie obecno\u015bci nietoperzy w jaskiniach lub identyfikacja obecno\u015bci nietoperzy na podstawie obecno\u015bci ko\u015bci i guana;<\/li>\n\n\n\n<li>Od\u0142awianie nietoperzy przy otworach jaski\u0144 i w ich pobli\u017cu za pomoc\u0105 sieci mg\u0142owych w celu okre\u015blenia gatunku, p\u0142ci i statusu rozrodczego zidentyfikowanych osobnik\u00f3w (fot. 4, 5, 6, 7, 8, 9, 10). Dzia\u0142ania terenowe podj\u0119to pomimo niesprzyjaj\u0105cej pogody do ko\u0144ca wyprawy. Dzia\u0142ania podejmowane w terenie utrudnia\u0142y ca\u0142onocne opady deszczu i cz\u0119ste wieczorne mg\u0142y, kt\u00f3re powodowa\u0142y zamoczenie siatek mg\u0142owych. Celem tych dzia\u0142a\u0144 by\u0142o lepsze poznanie chiropterofauny badanego regionu wysokog\u00f3rskiego. Nagrania wykonane za pomoc\u0105 detektor\u00f3w nietoperzy s\u0105 jeszcze przedmiotem prac analitycznych, dlatego nie jest obecnie mo\u017cliwe przedstawienie ostatecznych wynik\u00f3w.<\/li>\n<\/ol>\n\n\n\n<figure class=\"wp-block-gallery has-nested-images columns-default is-cropped wp-block-gallery-1 is-layout-flex wp-block-gallery-is-layout-flex\">\n<figure class=\"wp-block-image size-large is-style-default\"><img loading=\"lazy\" decoding=\"async\" width=\"281\" height=\"433\" data-id=\"11949\" src=\"http:\/\/speleonews.pl\/valbona\/wp-content\/uploads\/2022\/12\/Albanian-bats-expedition-report-August-2022_EN_1.jpg\" alt=\"\" class=\"wp-image-11949\" srcset=\"https:\/\/speleonews.pl\/valbona\/wp-content\/uploads\/2022\/12\/Albanian-bats-expedition-report-August-2022_EN_1.jpg 281w, https:\/\/speleonews.pl\/valbona\/wp-content\/uploads\/2022\/12\/Albanian-bats-expedition-report-August-2022_EN_1-195x300.jpg 195w, https:\/\/speleonews.pl\/valbona\/wp-content\/uploads\/2022\/12\/Albanian-bats-expedition-report-August-2022_EN_1-8x12.jpg 8w\" sizes=\"(max-width: 281px) 100vw, 281px\" \/><figcaption class=\"wp-element-caption\">fot.1 Kalibracja i w\u0142\u0105czanie mikrofonu<\/figcaption><\/figure>\n\n\n\n<figure class=\"wp-block-image size-large is-style-default\"><img loading=\"lazy\" decoding=\"async\" width=\"244\" height=\"325\" data-id=\"11950\" src=\"http:\/\/speleonews.pl\/valbona\/wp-content\/uploads\/2022\/12\/Albanian-bats-expedition-report-August-2022_EN_2.jpg\" alt=\"\" class=\"wp-image-11950\" srcset=\"https:\/\/speleonews.pl\/valbona\/wp-content\/uploads\/2022\/12\/Albanian-bats-expedition-report-August-2022_EN_2.jpg 244w, https:\/\/speleonews.pl\/valbona\/wp-content\/uploads\/2022\/12\/Albanian-bats-expedition-report-August-2022_EN_2-225x300.jpg 225w, https:\/\/speleonews.pl\/valbona\/wp-content\/uploads\/2022\/12\/Albanian-bats-expedition-report-August-2022_EN_2-9x12.jpg 9w\" sizes=\"(max-width: 244px) 100vw, 244px\" \/><figcaption class=\"wp-element-caption\">fot. 2 Mikrofon w otworze jaskini o rozwini\u0119ciu poziomym<\/figcaption><\/figure>\n\n\n\n<figure class=\"wp-block-image size-large is-style-default\"><img loading=\"lazy\" decoding=\"async\" width=\"244\" height=\"325\" data-id=\"11951\" src=\"http:\/\/speleonews.pl\/valbona\/wp-content\/uploads\/2022\/12\/Albanian-bats-expedition-report-August-2022_EN_3.jpg\" alt=\"\" class=\"wp-image-11951\" srcset=\"https:\/\/speleonews.pl\/valbona\/wp-content\/uploads\/2022\/12\/Albanian-bats-expedition-report-August-2022_EN_3.jpg 244w, https:\/\/speleonews.pl\/valbona\/wp-content\/uploads\/2022\/12\/Albanian-bats-expedition-report-August-2022_EN_3-225x300.jpg 225w, https:\/\/speleonews.pl\/valbona\/wp-content\/uploads\/2022\/12\/Albanian-bats-expedition-report-August-2022_EN_3-9x12.jpg 9w\" sizes=\"(max-width: 244px) 100vw, 244px\" \/><figcaption class=\"wp-element-caption\">fot. 3 Mikrofon w otworze jaskini o rozwini\u0119ciu pionowym<\/figcaption><\/figure>\n\n\n\n<figure class=\"wp-block-image size-large is-style-default\"><img loading=\"lazy\" decoding=\"async\" width=\"244\" height=\"325\" data-id=\"11952\" src=\"http:\/\/speleonews.pl\/valbona\/wp-content\/uploads\/2022\/12\/Albanian-bats-expedition-report-August-2022_EN_4.jpg\" alt=\"\" class=\"wp-image-11952\" srcset=\"https:\/\/speleonews.pl\/valbona\/wp-content\/uploads\/2022\/12\/Albanian-bats-expedition-report-August-2022_EN_4.jpg 244w, https:\/\/speleonews.pl\/valbona\/wp-content\/uploads\/2022\/12\/Albanian-bats-expedition-report-August-2022_EN_4-225x300.jpg 225w, https:\/\/speleonews.pl\/valbona\/wp-content\/uploads\/2022\/12\/Albanian-bats-expedition-report-August-2022_EN_4-9x12.jpg 9w\" sizes=\"(max-width: 244px) 100vw, 244px\" \/><figcaption class=\"wp-element-caption\">fot. 4 Zesp\u00f3\u0142 przy od\u0142owach nietoperzy<\/figcaption><\/figure>\n\n\n\n<figure class=\"wp-block-image size-large is-style-default\"><img loading=\"lazy\" decoding=\"async\" width=\"578\" height=\"433\" data-id=\"11953\" src=\"http:\/\/speleonews.pl\/valbona\/wp-content\/uploads\/2022\/12\/Albanian-bats-expedition-report-August-2022_EN_5.jpg\" alt=\"\" class=\"wp-image-11953\" srcset=\"https:\/\/speleonews.pl\/valbona\/wp-content\/uploads\/2022\/12\/Albanian-bats-expedition-report-August-2022_EN_5.jpg 578w, https:\/\/speleonews.pl\/valbona\/wp-content\/uploads\/2022\/12\/Albanian-bats-expedition-report-August-2022_EN_5-300x225.jpg 300w, https:\/\/speleonews.pl\/valbona\/wp-content\/uploads\/2022\/12\/Albanian-bats-expedition-report-August-2022_EN_5-16x12.jpg 16w\" sizes=\"(max-width: 578px) 100vw, 578px\" \/><figcaption class=\"wp-element-caption\">fot. 5 Uk\u0142adanie sieci mg\u0142owych<\/figcaption><\/figure>\n\n\n\n<figure class=\"wp-block-image size-large is-style-default\"><img loading=\"lazy\" decoding=\"async\" width=\"288\" height=\"393\" data-id=\"11954\" src=\"http:\/\/speleonews.pl\/valbona\/wp-content\/uploads\/2022\/12\/Albanian-bats-expedition-report-August-2022_EN_6.jpg\" alt=\"\" class=\"wp-image-11954\" srcset=\"https:\/\/speleonews.pl\/valbona\/wp-content\/uploads\/2022\/12\/Albanian-bats-expedition-report-August-2022_EN_6.jpg 288w, https:\/\/speleonews.pl\/valbona\/wp-content\/uploads\/2022\/12\/Albanian-bats-expedition-report-August-2022_EN_6-220x300.jpg 220w, https:\/\/speleonews.pl\/valbona\/wp-content\/uploads\/2022\/12\/Albanian-bats-expedition-report-August-2022_EN_6-9x12.jpg 9w\" sizes=\"(max-width: 288px) 100vw, 288px\" \/><figcaption class=\"wp-element-caption\">fot. 6 Praca przy sieci<\/figcaption><\/figure>\n\n\n\n<figure class=\"wp-block-image size-large is-style-default\"><img loading=\"lazy\" decoding=\"async\" width=\"244\" height=\"325\" data-id=\"11955\" src=\"http:\/\/speleonews.pl\/valbona\/wp-content\/uploads\/2022\/12\/Albanian-bats-expedition-report-August-2022_EN_7.jpg\" alt=\"\" class=\"wp-image-11955\" srcset=\"https:\/\/speleonews.pl\/valbona\/wp-content\/uploads\/2022\/12\/Albanian-bats-expedition-report-August-2022_EN_7.jpg 244w, https:\/\/speleonews.pl\/valbona\/wp-content\/uploads\/2022\/12\/Albanian-bats-expedition-report-August-2022_EN_7-225x300.jpg 225w, https:\/\/speleonews.pl\/valbona\/wp-content\/uploads\/2022\/12\/Albanian-bats-expedition-report-August-2022_EN_7-9x12.jpg 9w\" sizes=\"(max-width: 244px) 100vw, 244px\" \/><figcaption class=\"wp-element-caption\">fot. 7 Pomiary z\u0142owionych okaz\u00f3w<\/figcaption><\/figure>\n\n\n\n<figure class=\"wp-block-image size-large is-style-default\"><img loading=\"lazy\" decoding=\"async\" width=\"244\" height=\"325\" data-id=\"11956\" src=\"http:\/\/speleonews.pl\/valbona\/wp-content\/uploads\/2022\/12\/Albanian-bats-expedition-report-August-2022_EN_8.jpg\" alt=\"\" class=\"wp-image-11956\" srcset=\"https:\/\/speleonews.pl\/valbona\/wp-content\/uploads\/2022\/12\/Albanian-bats-expedition-report-August-2022_EN_8.jpg 244w, https:\/\/speleonews.pl\/valbona\/wp-content\/uploads\/2022\/12\/Albanian-bats-expedition-report-August-2022_EN_8-225x300.jpg 225w, https:\/\/speleonews.pl\/valbona\/wp-content\/uploads\/2022\/12\/Albanian-bats-expedition-report-August-2022_EN_8-9x12.jpg 9w\" sizes=\"(max-width: 244px) 100vw, 244px\" \/><figcaption class=\"wp-element-caption\">fot. 8 Wa\u017cenie nietoperzy<\/figcaption><\/figure>\n\n\n\n<figure class=\"wp-block-image size-large is-style-default\"><img loading=\"lazy\" decoding=\"async\" width=\"244\" height=\"325\" data-id=\"11957\" src=\"http:\/\/speleonews.pl\/valbona\/wp-content\/uploads\/2022\/12\/Albanian-bats-expedition-report-August-2022_EN_9.jpg\" alt=\"\" class=\"wp-image-11957\" srcset=\"https:\/\/speleonews.pl\/valbona\/wp-content\/uploads\/2022\/12\/Albanian-bats-expedition-report-August-2022_EN_9.jpg 244w, https:\/\/speleonews.pl\/valbona\/wp-content\/uploads\/2022\/12\/Albanian-bats-expedition-report-August-2022_EN_9-225x300.jpg 225w, https:\/\/speleonews.pl\/valbona\/wp-content\/uploads\/2022\/12\/Albanian-bats-expedition-report-August-2022_EN_9-9x12.jpg 9w\" sizes=\"(max-width: 244px) 100vw, 244px\" \/><figcaption class=\"wp-element-caption\">fot. 9 Kontrola skrzyde\u0142 i wieku nietoperzy<\/figcaption><\/figure>\n\n\n\n<figure class=\"wp-block-image size-large is-style-default\"><img loading=\"lazy\" decoding=\"async\" width=\"244\" height=\"325\" data-id=\"11958\" src=\"http:\/\/speleonews.pl\/valbona\/wp-content\/uploads\/2022\/12\/Albanian-bats-expedition-report-August-2022_EN_10.jpg\" alt=\"\" class=\"wp-image-11958\" srcset=\"https:\/\/speleonews.pl\/valbona\/wp-content\/uploads\/2022\/12\/Albanian-bats-expedition-report-August-2022_EN_10.jpg 244w, https:\/\/speleonews.pl\/valbona\/wp-content\/uploads\/2022\/12\/Albanian-bats-expedition-report-August-2022_EN_10-225x300.jpg 225w, https:\/\/speleonews.pl\/valbona\/wp-content\/uploads\/2022\/12\/Albanian-bats-expedition-report-August-2022_EN_10-9x12.jpg 9w\" sizes=\"(max-width: 244px) 100vw, 244px\" \/><figcaption class=\"wp-element-caption\">fot. 10 Sprawdzanie p\u0142ci z\u0142owionych okaz\u00f3w<\/figcaption><\/figure>\n\n\n\n<figure class=\"wp-block-image size-large is-style-default\"><img loading=\"lazy\" decoding=\"async\" width=\"244\" height=\"325\" data-id=\"11959\" src=\"http:\/\/speleonews.pl\/valbona\/wp-content\/uploads\/2022\/12\/Albanian-bats-expedition-report-August-2022_EN_11.jpg\" alt=\"\" class=\"wp-image-11959\" srcset=\"https:\/\/speleonews.pl\/valbona\/wp-content\/uploads\/2022\/12\/Albanian-bats-expedition-report-August-2022_EN_11.jpg 244w, https:\/\/speleonews.pl\/valbona\/wp-content\/uploads\/2022\/12\/Albanian-bats-expedition-report-August-2022_EN_11-225x300.jpg 225w, https:\/\/speleonews.pl\/valbona\/wp-content\/uploads\/2022\/12\/Albanian-bats-expedition-report-August-2022_EN_11-9x12.jpg 9w\" sizes=\"(max-width: 244px) 100vw, 244px\" \/><figcaption class=\"wp-element-caption\">fot. 11 Wypuszczenie okaz\u00f3w na wolno\u015b\u0107 po zbadaniu<\/figcaption><\/figure>\n<\/figure>\n\n\n\n<p><em><sup>Zdj\u0119cia Andrea Pereswiet_Soltan i Justyna Pokorska<\/sup><\/em><\/p>\n\n\n\n<p>Wyniki:<br>Nagra\u0144 dokonano w 6 jaskiniach, m.in. najd\u0142u\u017csza jaskinia badanego obszaru: Shpella Sportiva AVL 70, Shpella e Valbones AVL-110 oraz mniejsze jaskinie AVL-R78, AVL-R51, AVL-R50. Dane s\u0105 nadal opracowywane. W sumie zebrano oko\u0142o 540 godzin nagra\u0144;<br>Ogl\u0119dziny jaski\u0144 nie potwierdzi\u0142y obecno\u015bci \u015blad\u00f3w nietoperzy;<br>Po\u0142owy prowadzono przez 3 noce. Badania w jaskini Shpella Sportiva przeprowadzono jednej nocy, natomiast w jaskini Shpella e Valbones przez pozosta\u0142e dwie noce.<br>Po\u0142\u00f3w by\u0142 udany tylko jednej nocy. W tym czasie w pobli\u017cu jaskini Shpella e Valbones z\u0142apano 7 nietoperzy. Osobniki nale\u017c\u0105 do rodzaju Plecotus sp. (fot. 11), zidentyfikowano Plecotus auritus i Plecotus austriacus\/kolombatovici. Z\u0142owione nietoperze, po ogl\u0119dzinach, zosta\u0142y wypuszczone w miejscu schwytania. W pozosta\u0142ych badaniach nie uzyskano wynik\u00f3w ze wzgl\u0119du na brak od\u0142owionych okaz\u00f3w.<\/p>\n","protected":false},"excerpt":{"rendered":"<p>Dr Andrea Pereswiet-Soltan Badania prowadzone podczas \u015brodowiskowej Polsko-w\u0142oskiej wyprawy do&hellip;<\/p>\n<p> <a class=\"more-link\" href=\"https:\/\/speleonews.pl\/valbona\/badania-naukowe\/2022-raport-z-badan-chiropterologicznych\/\">Czytaj dalej<\/a><\/p>\n","protected":false},"author":1,"featured_media":11956,"parent":11637,"menu_order":0,"comment_status":"closed","ping_status":"closed","template":"","meta":{"footnotes":""},"_links":{"self":[{"href":"https:\/\/speleonews.pl\/valbona\/wp-json\/wp\/v2\/pages\/11948"}],"collection":[{"href":"https:\/\/speleonews.pl\/valbona\/wp-json\/wp\/v2\/pages"}],"about":[{"href":"https:\/\/speleonews.pl\/valbona\/wp-json\/wp\/v2\/types\/page"}],"author":[{"embeddable":true,"href":"https:\/\/speleonews.pl\/valbona\/wp-json\/wp\/v2\/users\/1"}],"replies":[{"embeddable":true,"href":"https:\/\/speleonews.pl\/valbona\/wp-json\/wp\/v2\/comments?post=11948"}],"version-history":[{"count":4,"href":"https:\/\/speleonews.pl\/valbona\/wp-json\/wp\/v2\/pages\/11948\/revisions"}],"predecessor-version":[{"id":11968,"href":"https:\/\/speleonews.pl\/valbona\/wp-json\/wp\/v2\/pages\/11948\/revisions\/11968"}],"up":[{"embeddable":true,"href":"https:\/\/speleonews.pl\/valbona\/wp-json\/wp\/v2\/pages\/11637"}],"wp:featuredmedia":[{"embeddable":true,"href":"https:\/\/speleonews.pl\/valbona\/wp-json\/wp\/v2\/media\/11956"}],"wp:attachment":[{"href":"https:\/\/speleonews.pl\/valbona\/wp-json\/wp\/v2\/media?parent=11948"}],"curies":[{"name":"wp","href":"https:\/\/api.w.org\/{rel}","templated":true}]}}