{"id":11906,"date":"2022-10-19T19:17:03","date_gmt":"2022-10-19T19:17:03","guid":{"rendered":"http:\/\/speleonews.pl\/valbona\/?page_id=11906"},"modified":"2022-12-11T13:38:46","modified_gmt":"2022-12-11T13:38:46","slug":"2022-nowe-gatunki-owadow-dla-albanii","status":"publish","type":"page","link":"https:\/\/speleonews.pl\/valbona\/badania-naukowe\/2022-nowe-gatunki-owadow-dla-albanii\/","title":{"rendered":"2022 &#8211; Nowe gatunki owad\u00f3w dla fauny Albanii"},"content":{"rendered":"\n<p>Dr Joanna Kocot-Zalewska<\/p>\n\n\n\n<p>Po roku intensywnych prac nad identyfikacj\u0105 zebranych okaz\u00f3w uda\u0142o si\u0119 oznaczy\u0107 wi\u0119kszo\u015b\u0107 zebranego materia\u0142u.<br>Okaza\u0142o si\u0119, \u017ce w\u015br\u00f3d 102 okaz\u00f3w dominuj\u0105 much\u00f3wki. Nale\u017c\u0105 do sze\u015bciu rodzin Heleomyzidae, Trichoceridae, Clinoceridae, Chironomidae, Mycetophylidae i Sciaridae. Najwi\u0119cej okaz\u00f3w zebrano z rodziny Heleomyzidae, reprezentowa\u0142y dwa gatunki Gymnomus caesius i Gymnomus ceianui, obydwa nowe dla fauny Albanii. Ponadto oznaczono Diamesa bohemani z rodziny Chironomidae i Trichocera maculipennis z rodziny Trichoceridae, ten ostatni r\u00f3wnie\u017c nowy dla alba\u0144skiej fauny.<\/p>\n\n\n\n<figure class=\"wp-block-gallery has-nested-images columns-default is-cropped wp-block-gallery-1 is-layout-flex wp-block-gallery-is-layout-flex\">\n<figure class=\"wp-block-image size-large is-style-default\"><img loading=\"lazy\" decoding=\"async\" width=\"464\" height=\"391\" data-id=\"11909\" src=\"http:\/\/speleonews.pl\/valbona\/wp-content\/uploads\/2022\/10\/trichocera.png\" alt=\"\" class=\"wp-image-11909\"\/><\/figure>\n<\/figure>\n\n\n\n<figure class=\"wp-block-image size-large is-style-default\"><img loading=\"lazy\" decoding=\"async\" width=\"690\" height=\"488\" src=\"http:\/\/speleonews.pl\/valbona\/wp-content\/uploads\/2022\/10\/Gymnomus-690x488.png\" alt=\"\" class=\"wp-image-11908\" srcset=\"https:\/\/speleonews.pl\/valbona\/wp-content\/uploads\/2022\/10\/Gymnomus.png 690w, https:\/\/speleonews.pl\/valbona\/wp-content\/uploads\/2022\/10\/Gymnomus-18x12.png 18w\" sizes=\"(max-width: 690px) 100vw, 690px\" \/><\/figure>\n\n\n\n<p><br>W kolekcji licznie reprezentowane by\u0142y chrz\u0105szcze. Nale\u017c\u0105 one do dw\u00f3ch rodzin \u2013 Carabidae i Leiodidae. Biegacze uda\u0142o si\u0119 oznaczy\u0107, okaza\u0142y si\u0119 by\u0107 jednym gatunkiem Neotrechus dalmatinus.<br>Kolekcja paj\u0105k\u00f3w jest bardzo skromna, liczy zaledwie siedem okaz\u00f3w, za to przedstawiciele s\u0105 \u015bci\u015ble zwi\u0105zani z jaskiniami oraz P\u00f3\u0142wyspem Ba\u0142ka\u0144skim. S\u0105 to Stygopholcus montenegrinus i Troglohyphantes pretneri. Nie zabrak\u0142o r\u00f3wnie\u017c znanego z naszych jaski\u0144 Meta menardi. Kosarze reprezentowane by\u0142y przez dwa gatunki Nelima troglodytes i Paranemastoma titaniacum.<br>Zebrane do kolekcji wije to Apfelbeckia insculpta, Glomeris pulchra i Macrochaetosoma bertiscea. Ten ostatni opisany zosta\u0142 zaledwie kilka lat temu (w 2015r.) z Czarnog\u00f3ry i jest nowym dla Albanii gatunkiem.<\/p>\n\n\n\n<figure class=\"wp-block-image size-large is-style-default\"><img loading=\"lazy\" decoding=\"async\" width=\"1024\" height=\"746\" src=\"http:\/\/speleonews.pl\/valbona\/wp-content\/uploads\/2022\/10\/Neotrechus-i-1024x746.jpg\" alt=\"\" class=\"wp-image-11910\" srcset=\"https:\/\/speleonews.pl\/valbona\/wp-content\/uploads\/2022\/10\/Neotrechus-i-1024x746.jpg 1024w, https:\/\/speleonews.pl\/valbona\/wp-content\/uploads\/2022\/10\/Neotrechus-i-300x219.jpg 300w, https:\/\/speleonews.pl\/valbona\/wp-content\/uploads\/2022\/10\/Neotrechus-i-768x560.jpg 768w, https:\/\/speleonews.pl\/valbona\/wp-content\/uploads\/2022\/10\/Neotrechus-i-16x12.jpg 16w, https:\/\/speleonews.pl\/valbona\/wp-content\/uploads\/2022\/10\/Neotrechus-i.jpg 1280w\" sizes=\"(max-width: 1024px) 100vw, 1024px\" \/><\/figure>\n\n\n\n<p><br>Nadal pracujemy nad rozpoznaniem chrz\u0105szczy z rodziny Leiodidae. Prace s\u0105 trudne ze wzgl\u0119du na wysokie wyspecjalizowanie tych chrz\u0105szczy do \u017cycia w warunkach podziemnych, olbrzymi\u0105 liczb\u0119 gatunk\u00f3w i podgatunk\u00f3w charakterystycznych dla jaski\u0144 P\u00f3\u0142wyspu Ba\u0142ka\u0144skiego i do\u015b\u0107 fragmentaryczn\u0105 wiedz\u0119 o tych zwierz\u0119tach. Pr\u00f3bujemy tak\u017ce zidentyfikowa\u0107 zebran\u0105 w jaskini lodowej much\u00f3wk\u0119 z rodziny Empididae. Jest to prawdopodobnie nowy gatunek dla nauki. Okazy pochodz\u0105 z ekstremalnego \u015brodowiska, ponadto zebrano kolekcj\u0119 wy\u0142\u0105cznie samic, co utrudnia identyfikacj\u0119 i opis. Jednak nie poddajemy si\u0119, wykonujemy aktualnie analizy por\u00f3wnawcze zar\u00f3wno morfologiczne, jak i genetyczne.<br>Wst\u0119pne wyniki prezentowane by\u0142y podczas 25 mi\u0119dzynarodowej konferencji biologii podziemnej w Klu\u017c Napoka w Rumunii.<br>Rozpoznaniem fauny zaj\u0119li si\u0119: dr hab. Pawe\u0142 Sienkiewicz, dr Andrzej Wo\u017anica, dr Robert Rozwa\u0142ka, mgr Jakub Bienias, dr Joanna Kocot-Zalewska.<br>Szczeg\u00f3lne podzi\u0119kowania dla cz\u0142onk\u00f3w wyprawy Grzegorza Czapora, Tomasza G\u0105siorka, \u0141ukasza Pokorskiego i Alberto Righetto, kt\u00f3rzy bardzo pomogli w zebraniu materia\u0142\u00f3w do bada\u0144!<\/p>\n","protected":false},"excerpt":{"rendered":"<p>Dr Joanna Kocot-Zalewska Po roku intensywnych prac nad identyfikacj\u0105 zebranych&hellip;<\/p>\n<p> <a class=\"more-link\" href=\"https:\/\/speleonews.pl\/valbona\/badania-naukowe\/2022-nowe-gatunki-owadow-dla-albanii\/\">Czytaj dalej<\/a><\/p>\n","protected":false},"author":1,"featured_media":11910,"parent":11637,"menu_order":0,"comment_status":"closed","ping_status":"closed","template":"","meta":{"footnotes":""},"_links":{"self":[{"href":"https:\/\/speleonews.pl\/valbona\/wp-json\/wp\/v2\/pages\/11906"}],"collection":[{"href":"https:\/\/speleonews.pl\/valbona\/wp-json\/wp\/v2\/pages"}],"about":[{"href":"https:\/\/speleonews.pl\/valbona\/wp-json\/wp\/v2\/types\/page"}],"author":[{"embeddable":true,"href":"https:\/\/speleonews.pl\/valbona\/wp-json\/wp\/v2\/users\/1"}],"replies":[{"embeddable":true,"href":"https:\/\/speleonews.pl\/valbona\/wp-json\/wp\/v2\/comments?post=11906"}],"version-history":[{"count":3,"href":"https:\/\/speleonews.pl\/valbona\/wp-json\/wp\/v2\/pages\/11906\/revisions"}],"predecessor-version":[{"id":11965,"href":"https:\/\/speleonews.pl\/valbona\/wp-json\/wp\/v2\/pages\/11906\/revisions\/11965"}],"up":[{"embeddable":true,"href":"https:\/\/speleonews.pl\/valbona\/wp-json\/wp\/v2\/pages\/11637"}],"wp:featuredmedia":[{"embeddable":true,"href":"https:\/\/speleonews.pl\/valbona\/wp-json\/wp\/v2\/media\/11910"}],"wp:attachment":[{"href":"https:\/\/speleonews.pl\/valbona\/wp-json\/wp\/v2\/media?parent=11906"}],"curies":[{"name":"wp","href":"https:\/\/api.w.org\/{rel}","templated":true}]}}