{"id":11833,"date":"2022-02-21T23:43:01","date_gmt":"2022-02-21T23:43:01","guid":{"rendered":"http:\/\/speleonews.pl\/valbona\/?page_id=11833"},"modified":"2022-02-21T23:53:05","modified_gmt":"2022-02-21T23:53:05","slug":"2012-sprawozdanie","status":"publish","type":"page","link":"https:\/\/speleonews.pl\/valbona\/eksploracja\/2012-sprawozdanie\/","title":{"rendered":"2012 &#8211; sprawozdanie kierownika"},"content":{"rendered":"\n<p><em>Mariusz Polok<\/em><\/p>\n\n\n\n<p>W tym roku nasza dzia\u0142alno\u015b\u0107 w Albania zosta\u0142a podzielona na dwa etapy. Taka struktura wyprawy wynika\u0142a z ustalonych na rok 2012 cel\u00f3w.<\/p>\n\n\n\n<p><strong>&#8211; cel pierwszy; <\/strong>postanowili\u015bmy kontynuowa\u0107 eksploracj\u0119, poznanej w zesz\u0142ym roku jaskini AVLC 19 (ok -70 m g\u0142\u0119boko\u015bci)). Jaskinia ta jest zlokalizowana w obszarze eksploracyjnym po\u0142o\u017conym na SW od wsi Cerem. Jest to wysokog\u00f3rskie plateau zlokalizowane pomi\u0119dzy wierzcho\u0142kami Maja Gjarperit ( 2214 m npm) i Maja Iusuf Demes (2 243 m npm).<\/p>\n\n\n\n<p>Pierwsza cz\u0119\u015b\u0107 wyprawy wyruszy\u0142a z Polski 30 maja w sk\u0142adzie 10 osobowym.<br>Po przyje\u017adzie na miejsce, do Valbony stwierdzili\u015bmy ze zdziwieniem, \u017ce zima si\u0119 tam wcale nie sko\u0144czy\u0142a, na stokach p\u00f3\u0142nocnych \u015bnieg le\u017ca\u0142 sta\u0142\u0105 pokryw\u0105 od wysoko\u015bci 1500 m. Pomimo informacji z Cerem\u2019u \u017ce nie da si\u0119 dojecha\u0107 w rejon plateau postanowili\u015bmy jednak spr\u00f3bowa\u0107. Uzbrojeni byli\u015bmy wszak w dwa bardzo dobre samochody terenowe, wyci\u0105garki itd. Niestety dojechali\u015bmy tylko na wysoko\u015b\u0107 1750 m, dalej zalega\u0142a miejscami kilkumetrowa ci\u0105g\u0142a pokrywa \u015bnie\u017cna. W tej sytuacji szybko przeorganizowali\u015bmy si\u0119 logistycznie i za\u0142o\u017cyli\u015bmy ob\u00f3z ok 10 km od planowanego miejsca. Pierwsze wyj\u015bcie na plateau jeszcze bardziej nas ostudzi\u0142o, bo pomimo dok\u0142adnych koordynat GPS nie mogli\u015bmy odnale\u017a\u0107 otworu AVLC17. Szybko stwierdzili\u015bmy \u017ce jest on pod kilkunastometrow\u0105 pokryw\u0105 \u015bniegu.<br>W tej sytuacji postanowili\u015bmy kontynuowa\u0107 dzia\u0142alno\u015b\u0107 powierzchniow\u0105, oraz sprawdzi\u0107 i pomierzy\u0107 trzy znalezione w zesz\u0142ym roku jaskinie, kt\u00f3rych otwory by\u0142y dost\u0119pne.<\/p>\n\n\n\n<figure class=\"wp-block-image size-large is-style-default\"><img loading=\"lazy\" decoding=\"async\" width=\"1024\" height=\"768\" src=\"http:\/\/speleonews.pl\/valbona\/wp-content\/uploads\/2022\/02\/studnia-rs-ns-1024x768.jpg\" alt=\"\" class=\"wp-image-11748\" srcset=\"https:\/\/speleonews.pl\/valbona\/wp-content\/uploads\/2022\/02\/studnia-rs-ns-1024x768.jpg 1024w, https:\/\/speleonews.pl\/valbona\/wp-content\/uploads\/2022\/02\/studnia-rs-ns-300x225.jpg 300w, https:\/\/speleonews.pl\/valbona\/wp-content\/uploads\/2022\/02\/studnia-rs-ns-768x576.jpg 768w, https:\/\/speleonews.pl\/valbona\/wp-content\/uploads\/2022\/02\/studnia-rs-ns-16x12.jpg 16w, https:\/\/speleonews.pl\/valbona\/wp-content\/uploads\/2022\/02\/studnia-rs-ns.jpg 1200w\" sizes=\"(max-width: 1024px) 100vw, 1024px\" \/><figcaption>Widok z dna studni <br><sup>fot. Renato Serodio<\/sup><\/figcaption><\/figure>\n\n\n\n<p><br>Ju\u017c nast\u0119pnego dnia okaza\u0142o si\u0119 \u017ce pomys\u0142 nie by\u0142 najgorszy. Nasz portugalski uczestnik wyprawy Renato znalaz\u0142 na grani Maja Gjarprit Ceremit (2142 m npm) wspania\u0142\u0105 studni\u0119 kilkunastometrowej \u015brednicy, po zmierzeniu okaza\u0142o si\u0119 \u017ce ma ona 109,4 m g\u0142\u0119boko\u015bci. Studnia od 70 m wpada do wielkiej sali. Niestety dno by\u0142o ca\u0142kowicie zasypane \u015bniegiem wi\u0119c trzeba b\u0119dzie wr\u00f3ci\u0107 pe\u0142nym latem. Kolejne dni przynosi\u0142y nowe odkrycia i w sumie w czasie dzia\u0142alno\u015bci zlokalizowali\u015bmy otwory 27 nowych jaski\u0144. Wykonane zosta\u0142y plany trzech jaski\u0144. W sumie dopisali\u015bmy do naszych katastr\u00f3w 645,8 m nowych ci\u0105g\u00f3w.<\/p>\n\n\n\n<p>Wykorzystuj\u0105c du\u017ce terenowe samochody wyprawa zawioz\u0142a tak\u017ce sprz\u0119t na:<br>&#8211; <strong>nasz cel drugi <\/strong>czyli kontynuacj\u0119 eksploracji w jaskini Shpella Sportive. Sprz\u0119t zosta\u0142<\/p>\n\n\n\n<p>zdeponowany u zaprzyja\u017anionych z nami gospodarzy. Przeprowadzili\u015bmy tak\u017ce negocjacje z tragarzami kt\u00f3rzy mieli nas wspom\u00f3c w sierpniu. Byli\u015bmy gotowi. Dwa dni przed wyjazdem 12 sierpnia dostali\u015bmy z Albanii wiadomo\u015b\u0107, \u017ce Valbona p\u0142onie, a dyrekcja Parku Narodowego Valbony na kt\u00f3rego terenie dzia\u0142amy zakaza\u0142a wychodzenia w g\u00f3ry.<\/p>\n\n\n\n<p>W tej sytuacji podj\u0119li\u015bmy decyzj\u0119 o zatrzymaniu cz\u0119\u015bci wyprawy w Polsce.<br>W ograniczonym do jednego samochodu zespole udali\u015bmy si\u0119 na rekonesans do Valbony i ocen\u0119 sytuacji. Rzeczywisto\u015b\u0107 niestety potwierdzi\u0142a otrzymane informacje. Liczne, przez nikogo nie gaszone po\u017cary, w\u0119drowa\u0142y od tygodni po g\u00f3rach (w Valbonie nie pada\u0142o od dw\u00f3ch miesi\u0119cy). Ich kierunek zmienia\u0142 si\u0119 w zale\u017cno\u015bci od kierunku wiatru. Po\u017cary ograniczy\u0142y widoczno\u015b\u0107 do kilkuset metr\u00f3w, (s\u0142o\u0144ce nie przebija\u0142o si\u0119 do doliny). Chwilami smog utrudnia\u0142 oddychanie.<br>Po d\u0142u\u017cszym oczekiwaniu na zmian\u0119 pogody i upragniony przez wszystkich deszcz, kt\u00f3ry ugasi\u0142by po\u017cary zabezpieczyli\u015bmy sprz\u0119t i przygotowali\u015bmy do dzia\u0142alno\u015bci w przysz\u0142ym roku.<\/p>\n\n\n\n<p><br>W 2012 roku w Albanii dzia\u0142ali:<\/p>\n\n\n\n<div class=\"wp-block-group\"><div class=\"wp-block-group__inner-container is-layout-flow wp-block-group-is-layout-flow\">\n<ul><li>Darek Gawro\u0144ski<\/li><li>Rafa\u0142 Korolewski<\/li><li>Andrzej Kozik<\/li><li>Grzegorz Ku\u015bpiel<\/li><li>Darek Pi\u0119tak<\/li><li>Mariusz Polok &#8211; kierownik<\/li><li>Renato Serodio &#8211; Portugalia<\/li><li>Magda S\u0142upi\u0144ska<\/li><li>Sylwia St\u0119pniewska<\/li><li>Zbigniew Wisniewski <\/li><\/ul>\n<\/div><\/div>\n","protected":false},"excerpt":{"rendered":"<p>Mariusz Polok W tym roku nasza dzia\u0142alno\u015b\u0107 w Albania zosta\u0142a&hellip;<\/p>\n<p> <a class=\"more-link\" href=\"https:\/\/speleonews.pl\/valbona\/eksploracja\/2012-sprawozdanie\/\">Czytaj dalej<\/a><\/p>\n","protected":false},"author":1,"featured_media":11748,"parent":11633,"menu_order":0,"comment_status":"closed","ping_status":"closed","template":"","meta":{"footnotes":""},"_links":{"self":[{"href":"https:\/\/speleonews.pl\/valbona\/wp-json\/wp\/v2\/pages\/11833"}],"collection":[{"href":"https:\/\/speleonews.pl\/valbona\/wp-json\/wp\/v2\/pages"}],"about":[{"href":"https:\/\/speleonews.pl\/valbona\/wp-json\/wp\/v2\/types\/page"}],"author":[{"embeddable":true,"href":"https:\/\/speleonews.pl\/valbona\/wp-json\/wp\/v2\/users\/1"}],"replies":[{"embeddable":true,"href":"https:\/\/speleonews.pl\/valbona\/wp-json\/wp\/v2\/comments?post=11833"}],"version-history":[{"count":3,"href":"https:\/\/speleonews.pl\/valbona\/wp-json\/wp\/v2\/pages\/11833\/revisions"}],"predecessor-version":[{"id":11839,"href":"https:\/\/speleonews.pl\/valbona\/wp-json\/wp\/v2\/pages\/11833\/revisions\/11839"}],"up":[{"embeddable":true,"href":"https:\/\/speleonews.pl\/valbona\/wp-json\/wp\/v2\/pages\/11633"}],"wp:featuredmedia":[{"embeddable":true,"href":"https:\/\/speleonews.pl\/valbona\/wp-json\/wp\/v2\/media\/11748"}],"wp:attachment":[{"href":"https:\/\/speleonews.pl\/valbona\/wp-json\/wp\/v2\/media?parent=11833"}],"curies":[{"name":"wp","href":"https:\/\/api.w.org\/{rel}","templated":true}]}}