{"id":11752,"date":"2022-02-13T18:27:42","date_gmt":"2022-02-13T18:27:42","guid":{"rendered":"http:\/\/speleonews.pl\/valbona\/?page_id=11752"},"modified":"2022-02-13T18:50:56","modified_gmt":"2022-02-13T18:50:56","slug":"2009-dwie-polskie-wyprawy-w-valbonie","status":"publish","type":"page","link":"https:\/\/speleonews.pl\/valbona\/eksploracja\/2009-dwie-polskie-wyprawy-w-valbonie\/","title":{"rendered":"2009 &#8211; dwie polskie wyprawy w Valbonie"},"content":{"rendered":"\n<p><em>Magdalena S\u0142upi\u0144ska<\/em><\/p>\n\n\n\n<p>W tym roku pojechali\u015bmy do Valbony w wi\u0119kszym ni\u017c poprzednio sk\u0142adzie \u2013 dziesi\u0119ciu groto\u0142az\u00f3w, oraz 5 os\u00f3b wspieraj\u0105cych nasze dzia\u0142ania w g\u00f3rach. Wybrali\u015bmy te\u017c inn\u0105 drog\u0119 dojazdu \u2013 przetestowan\u0105 w maju tras\u0119 przez Kosowo. Jest ona czasowo kr\u00f3tsza, ale niestety dro\u017csza bo w Kosowie trzeba wykupi\u0107 dodatkowe ubezpieczenie na samochody.<br>Valbona, tradycyjnie ju\u017c, w po\u0142owie sierpnia przywita\u0142a nas pi\u0119kn\u0105 pogod\u0105 wi\u0119c nast\u0119pnego dnia wyruszyli\u015bmy w g\u00f3ry. Dzi\u0119ki autom terenowym mogli\u015bmy przetransportowa\u0107 sprz\u0119t do bazy wysuni\u0119tej zlokalizowanej przy sza\u0142asach Buni e Zicit. W lecie maj\u0105 tam swoj\u0105 baz\u0119 pasterze, bo w pobli\u017cu znajduje si\u0119 jedyne w tym rejonie \u017ar\u00f3d\u0142o. Pod ich opiek\u0105 zostawili\u015bmy cz\u0119\u015b\u0107 sprz\u0119tu, a reszt\u0119 przetransportowali\u015bmy do obozu g\u00f3rnego.<br>Tego lata w g\u00f3rach by\u0142o znacznie wi\u0119cej \u015bniegu ni\u017c w poprzednim roku, dlatego zdecydowali\u015bmy, \u017ce wszystkie si\u0142y skierujemy do zawieszonej doliny po\u0142o\u017conej pomi\u0119dzy szczytami Maja Cet-Harush\u00ebs (2421 m n.p.m.), Maja Ismel Sali Brucaj (2527 m n.p.m.) i Maja Malgashit (2319 m n.p.m.). Ob\u00f3z za\u0142o\u017cyli\u015bmy w \u015brodkowej cz\u0119\u015bci doliny na wysoko\u015bci 2100 m. Eksploracj\u0119 prowadzili\u015bmy 8 dni, poznaj\u0105c ok 3\/4 powierzchni doliny. Podzieleni na trzy zespo\u0142y znale\u017ali\u015bmy 30 nowych otwor\u00f3w jaski\u0144, 20 z nich dok\u0142adnie sprawdzili\u015bmy. Do tej pory najg\u0142\u0119bsza okaza\u0142a si\u0119 znaleziona przez zesp\u00f3\u0142 Pi\u0119tak, Sprycha, Wi\u015bniewski jaskinia AVL 52 o g\u0142\u0119boko\u015bci 69,3 m i d\u0142ugo\u015bci 127,9 m. Nast\u0119pna w kolejno\u015bci jest AVL 50 (-54,1 m; 114,0 m). W sumie w 2009 roku zmierzyli\u015bmy 1051,5 m nowych ci\u0105g\u00f3w jaskiniowych, a od pocz\u0105tku naszej eksploracji w Albanii to ju\u017c 1815,5 m poznanych jaski\u0144.<\/p>\n\n\n\n<figure class=\"wp-block-gallery has-nested-images columns-default is-cropped wp-block-gallery-1 is-layout-flex wp-block-gallery-is-layout-flex\">\n<figure class=\"wp-block-image size-large is-style-default\"><img loading=\"lazy\" decoding=\"async\" width=\"1200\" height=\"900\" data-id=\"11742\" src=\"http:\/\/speleonews.pl\/valbona\/wp-content\/uploads\/2022\/02\/Albania-2009-08-1274.jpg\" alt=\"\" class=\"wp-image-11742\" srcset=\"https:\/\/speleonews.pl\/valbona\/wp-content\/uploads\/2022\/02\/Albania-2009-08-1274.jpg 1200w, https:\/\/speleonews.pl\/valbona\/wp-content\/uploads\/2022\/02\/Albania-2009-08-1274-300x225.jpg 300w, https:\/\/speleonews.pl\/valbona\/wp-content\/uploads\/2022\/02\/Albania-2009-08-1274-1024x768.jpg 1024w, https:\/\/speleonews.pl\/valbona\/wp-content\/uploads\/2022\/02\/Albania-2009-08-1274-768x576.jpg 768w, https:\/\/speleonews.pl\/valbona\/wp-content\/uploads\/2022\/02\/Albania-2009-08-1274-16x12.jpg 16w\" sizes=\"(max-width: 1200px) 100vw, 1200px\" \/><figcaption>W kotle Cet Harushes<\/figcaption><\/figure>\n\n\n\n<figure class=\"wp-block-image size-large is-style-default\"><img loading=\"lazy\" decoding=\"async\" width=\"800\" height=\"600\" data-id=\"11741\" src=\"http:\/\/speleonews.pl\/valbona\/wp-content\/uploads\/2022\/02\/Albania-2009-08-1261.jpg\" alt=\"\" class=\"wp-image-11741\" srcset=\"https:\/\/speleonews.pl\/valbona\/wp-content\/uploads\/2022\/02\/Albania-2009-08-1261.jpg 800w, https:\/\/speleonews.pl\/valbona\/wp-content\/uploads\/2022\/02\/Albania-2009-08-1261-300x225.jpg 300w, https:\/\/speleonews.pl\/valbona\/wp-content\/uploads\/2022\/02\/Albania-2009-08-1261-768x576.jpg 768w, https:\/\/speleonews.pl\/valbona\/wp-content\/uploads\/2022\/02\/Albania-2009-08-1261-16x12.jpg 16w\" sizes=\"(max-width: 800px) 100vw, 800px\" \/><figcaption>Pod otworem<\/figcaption><\/figure>\n\n\n\n<figure class=\"wp-block-image size-large is-style-default\"><img loading=\"lazy\" decoding=\"async\" width=\"800\" height=\"1067\" data-id=\"11740\" src=\"http:\/\/speleonews.pl\/valbona\/wp-content\/uploads\/2022\/02\/Albania-2009-08-1250.jpg\" alt=\"\" class=\"wp-image-11740\" srcset=\"https:\/\/speleonews.pl\/valbona\/wp-content\/uploads\/2022\/02\/Albania-2009-08-1250.jpg 800w, https:\/\/speleonews.pl\/valbona\/wp-content\/uploads\/2022\/02\/Albania-2009-08-1250-225x300.jpg 225w, https:\/\/speleonews.pl\/valbona\/wp-content\/uploads\/2022\/02\/Albania-2009-08-1250-768x1024.jpg 768w, https:\/\/speleonews.pl\/valbona\/wp-content\/uploads\/2022\/02\/Albania-2009-08-1250-9x12.jpg 9w\" sizes=\"(max-width: 800px) 100vw, 800px\" \/><figcaption>Jacek zje\u017cd\u017ca do AVL-30<\/figcaption><\/figure>\n<figcaption class=\"blocks-gallery-caption\">Sierpie\u0144 2009 <br><sup>fot. Mariusz Polok<\/sup><\/figcaption><\/figure>\n\n\n\n<p><br>Dok\u0142adny plan uzyska\u0142a te\u017c znana wcze\u015bniej jaskinia Shpella e Haxhise (365 m, 34,6 m deniwelacji), kt\u00f3ra w przysz\u0142o\u015bci po niewielkim przygotowaniu mo\u017ce zosta\u0107 udost\u0119pniona turystycznie i sta\u0107 si\u0119 dodatkow\u0105 atrakcj\u0105 doliny.<br>Mamy do czego wraca\u0107 w przysz\u0142ym roku, bo pozosta\u0142o do sprawdzenia kilka obiecuj\u0105cych otwor\u00f3w, chcemy te\u017c pozna\u0107 pozosta\u0142\u0105 cz\u0119\u015b\u0107 doliny Cet Harushes i g\u00f3rne pi\u0119tro po\u0142o\u017conej obok doliny Pecmares.<br>Podczas dnia kondycyjnego odwiedzili\u015bmy jedn\u0105 z bocznych dolin Valbony \u2013 Ceremit. Dwa lata temu do wioski zosta\u0142a zbudowana droga \u2013 na razie jest tylko w standardzie alba\u0144skim, czyli mo\u017cna dojecha\u0107 samochodem z nap\u0119dem na cztery ko\u0142a, ale jak zapewni\u0142y nas na spotkaniu podsumowuj\u0105cym majow\u0105 wypraw\u0119 , w\u0142adze gminy Margegaj, za 2 lata przez Ceremit b\u0119dzie prowadzi\u0142a droga asfaltowa do przej\u015bcia granicznego z Czarnog\u00f3r\u0105. Takie rozwi\u0105zanie by\u0142oby dla nas bardzo korzystne bo znacznie skr\u00f3ci\u0142oby drog\u0119 dojazdu w masyw. Na razie czekamy cierpliwie na realizacj\u0119 tych plan\u00f3w.<br>W czasie naszego wcze\u015bniejszego pobytu w maju, a tak\u017ce ponownie w sierpniu prowadzili\u015bmy obserwacje hydrologiczne. Wi\u0119kszo\u015b\u0107 \u017ar\u00f3de\u0142, kt\u00f3re pomierzyli\u015bmy w maju ma charakter okresowy. Jednak najciekawsze dla nas okaza\u0142y si\u0119 pomiary wywierzyska po\u0142o\u017conego w Selimaj, kt\u00f3re nie zmieni\u0142o swojej temperatury ani wydajno\u015bci w stosunku do pomiar\u00f3w majowych. \u015awiadczy\u0107 to mo\u017ce o sta\u0142ym i do\u015b\u0107 obfitym zasilaniu. Obserwacje \u017ar\u00f3de\u0142 b\u0119dziemy prowadzili w dalszym ci\u0105gu, aby zweryfikowa\u0107 nasze przypuszczenia dotycz\u0105ce kierunk\u00f3w odwodnienia masyw\u00f3w otaczaj\u0105cych dolin\u0119 Valbony.<\/p>\n\n\n\n<figure class=\"wp-block-gallery has-nested-images columns-default is-cropped wp-block-gallery-2 is-layout-flex wp-block-gallery-is-layout-flex\">\n<figure class=\"wp-block-image size-large is-style-default\"><img loading=\"lazy\" decoding=\"async\" width=\"800\" height=\"533\" data-id=\"11735\" src=\"http:\/\/speleonews.pl\/valbona\/wp-content\/uploads\/2022\/02\/Albania-2006-08-364.jpg\" alt=\"\" class=\"wp-image-11735\" srcset=\"https:\/\/speleonews.pl\/valbona\/wp-content\/uploads\/2022\/02\/Albania-2006-08-364.jpg 800w, https:\/\/speleonews.pl\/valbona\/wp-content\/uploads\/2022\/02\/Albania-2006-08-364-300x200.jpg 300w, https:\/\/speleonews.pl\/valbona\/wp-content\/uploads\/2022\/02\/Albania-2006-08-364-768x512.jpg 768w, https:\/\/speleonews.pl\/valbona\/wp-content\/uploads\/2022\/02\/Albania-2006-08-364-18x12.jpg 18w\" sizes=\"(max-width: 800px) 100vw, 800px\" \/><figcaption>Wywierzysko &#8211; pomiar temperatury<\/figcaption><\/figure>\n\n\n\n<figure class=\"wp-block-image size-large is-style-default\"><img loading=\"lazy\" decoding=\"async\" width=\"800\" height=\"1200\" data-id=\"11736\" src=\"http:\/\/speleonews.pl\/valbona\/wp-content\/uploads\/2022\/02\/Albania-2006-08-398.jpg\" alt=\"\" class=\"wp-image-11736\" srcset=\"https:\/\/speleonews.pl\/valbona\/wp-content\/uploads\/2022\/02\/Albania-2006-08-398.jpg 800w, https:\/\/speleonews.pl\/valbona\/wp-content\/uploads\/2022\/02\/Albania-2006-08-398-200x300.jpg 200w, https:\/\/speleonews.pl\/valbona\/wp-content\/uploads\/2022\/02\/Albania-2006-08-398-683x1024.jpg 683w, https:\/\/speleonews.pl\/valbona\/wp-content\/uploads\/2022\/02\/Albania-2006-08-398-768x1152.jpg 768w, https:\/\/speleonews.pl\/valbona\/wp-content\/uploads\/2022\/02\/Albania-2006-08-398-8x12.jpg 8w\" sizes=\"(max-width: 800px) 100vw, 800px\" \/><figcaption>M\u0142yn wodny w Dragobi<\/figcaption><\/figure>\n\n\n\n<figure class=\"wp-block-image size-large is-style-default\"><img loading=\"lazy\" decoding=\"async\" width=\"1200\" height=\"800\" data-id=\"11737\" src=\"http:\/\/speleonews.pl\/valbona\/wp-content\/uploads\/2022\/02\/Albania-2006-08-509.jpg\" alt=\"\" class=\"wp-image-11737\" srcset=\"https:\/\/speleonews.pl\/valbona\/wp-content\/uploads\/2022\/02\/Albania-2006-08-509.jpg 1200w, https:\/\/speleonews.pl\/valbona\/wp-content\/uploads\/2022\/02\/Albania-2006-08-509-300x200.jpg 300w, https:\/\/speleonews.pl\/valbona\/wp-content\/uploads\/2022\/02\/Albania-2006-08-509-1024x683.jpg 1024w, https:\/\/speleonews.pl\/valbona\/wp-content\/uploads\/2022\/02\/Albania-2006-08-509-768x512.jpg 768w, https:\/\/speleonews.pl\/valbona\/wp-content\/uploads\/2022\/02\/Albania-2006-08-509-18x12.jpg 18w\" sizes=\"(max-width: 1200px) 100vw, 1200px\" \/><figcaption>W jaskini Shpella Haxise<\/figcaption><\/figure>\n\n\n\n<figure class=\"wp-block-image size-large is-style-default\"><img loading=\"lazy\" decoding=\"async\" width=\"800\" height=\"533\" data-id=\"11738\" src=\"http:\/\/speleonews.pl\/valbona\/wp-content\/uploads\/2022\/02\/Albania-2006-08-522.jpg\" alt=\"\" class=\"wp-image-11738\" srcset=\"https:\/\/speleonews.pl\/valbona\/wp-content\/uploads\/2022\/02\/Albania-2006-08-522.jpg 800w, https:\/\/speleonews.pl\/valbona\/wp-content\/uploads\/2022\/02\/Albania-2006-08-522-300x200.jpg 300w, https:\/\/speleonews.pl\/valbona\/wp-content\/uploads\/2022\/02\/Albania-2006-08-522-768x512.jpg 768w, https:\/\/speleonews.pl\/valbona\/wp-content\/uploads\/2022\/02\/Albania-2006-08-522-18x12.jpg 18w\" sizes=\"(max-width: 800px) 100vw, 800px\" \/><figcaption>Wyp\u0142yw okresowy w Shpella Haxise<\/figcaption><\/figure>\n\n\n\n<figure class=\"wp-block-image size-large is-style-default\"><img loading=\"lazy\" decoding=\"async\" width=\"800\" height=\"533\" data-id=\"11739\" src=\"http:\/\/speleonews.pl\/valbona\/wp-content\/uploads\/2022\/02\/Albania-2006-08-614.jpg\" alt=\"\" class=\"wp-image-11739\" srcset=\"https:\/\/speleonews.pl\/valbona\/wp-content\/uploads\/2022\/02\/Albania-2006-08-614.jpg 800w, https:\/\/speleonews.pl\/valbona\/wp-content\/uploads\/2022\/02\/Albania-2006-08-614-300x200.jpg 300w, https:\/\/speleonews.pl\/valbona\/wp-content\/uploads\/2022\/02\/Albania-2006-08-614-768x512.jpg 768w, https:\/\/speleonews.pl\/valbona\/wp-content\/uploads\/2022\/02\/Albania-2006-08-614-18x12.jpg 18w\" sizes=\"(max-width: 800px) 100vw, 800px\" \/><figcaption>Z wizyt\u0105 u w\u00f3jta gminy Margegaj.<\/figcaption><\/figure>\n<figcaption class=\"blocks-gallery-caption\">Maj 2009 w Valbonie<br><sup> fot. Mariusz Polok<\/sup><\/figcaption><\/figure>\n\n\n\n<p>W wyprawie do &#8222;\u017ar\u00f3de\u0142&#8221; Valbony w maju 2009 roku uczestniczyli Marek Kozio\u0142, Mariusz Polok &#8211; kierownik oraz Magda S\u0142upi\u0144ska.<\/p>\n\n\n\n<p>W sierpniowej wyprawie do kot\u0142a Cet Harushes wzi\u0119li udzia\u0142: Anna Burska, Marek Bursku, Artur Janiga, Grzegorz Ku\u015bpiel, Darek Pi\u0119tak, Mariusz Polok &#8211; kierownik, Magdalena S\u0142upi\u0144ska, Damian Sprycha, Jacek Strejczyk, Zbyszek Wi\u015bniewski oraz grupa wspomagaj\u0105ca &#8211; Ma\u0142gorzata Polok, Ma\u0142gorzata Wapa, Andrzej Polok, Damian Polok i Maurycy S\u0142upi\u0144ski.<\/p>\n","protected":false},"excerpt":{"rendered":"<p>Magdalena S\u0142upi\u0144ska W tym roku pojechali\u015bmy do Valbony w wi\u0119kszym&hellip;<\/p>\n<p> <a class=\"more-link\" href=\"https:\/\/speleonews.pl\/valbona\/eksploracja\/2009-dwie-polskie-wyprawy-w-valbonie\/\">Czytaj dalej<\/a><\/p>\n","protected":false},"author":1,"featured_media":11737,"parent":11633,"menu_order":0,"comment_status":"closed","ping_status":"closed","template":"","meta":{"footnotes":""},"_links":{"self":[{"href":"https:\/\/speleonews.pl\/valbona\/wp-json\/wp\/v2\/pages\/11752"}],"collection":[{"href":"https:\/\/speleonews.pl\/valbona\/wp-json\/wp\/v2\/pages"}],"about":[{"href":"https:\/\/speleonews.pl\/valbona\/wp-json\/wp\/v2\/types\/page"}],"author":[{"embeddable":true,"href":"https:\/\/speleonews.pl\/valbona\/wp-json\/wp\/v2\/users\/1"}],"replies":[{"embeddable":true,"href":"https:\/\/speleonews.pl\/valbona\/wp-json\/wp\/v2\/comments?post=11752"}],"version-history":[{"count":2,"href":"https:\/\/speleonews.pl\/valbona\/wp-json\/wp\/v2\/pages\/11752\/revisions"}],"predecessor-version":[{"id":11754,"href":"https:\/\/speleonews.pl\/valbona\/wp-json\/wp\/v2\/pages\/11752\/revisions\/11754"}],"up":[{"embeddable":true,"href":"https:\/\/speleonews.pl\/valbona\/wp-json\/wp\/v2\/pages\/11633"}],"wp:featuredmedia":[{"embeddable":true,"href":"https:\/\/speleonews.pl\/valbona\/wp-json\/wp\/v2\/media\/11737"}],"wp:attachment":[{"href":"https:\/\/speleonews.pl\/valbona\/wp-json\/wp\/v2\/media?parent=11752"}],"curies":[{"name":"wp","href":"https:\/\/api.w.org\/{rel}","templated":true}]}}