{"id":11676,"date":"2022-02-07T21:42:04","date_gmt":"2022-02-07T21:42:04","guid":{"rendered":"http:\/\/speleonews.pl\/valbona\/?page_id=11676"},"modified":"2022-12-11T12:43:18","modified_gmt":"2022-12-11T12:43:18","slug":"2021-badania-speleofauny","status":"publish","type":"page","link":"https:\/\/speleonews.pl\/valbona\/badania-naukowe\/2021-badania-speleofauny\/","title":{"rendered":"2021 &#8211; Badania speleofauny"},"content":{"rendered":"\n<p>Dr Joanna Kocot Zalewska<\/p>\n\n\n\n<p>Podczas wyprawy przeprowadzono rekonesans jaski\u0144 i sztolni po kopalni boksyt\u00f3w pod k\u0105tem zasiedlaj\u0105cej je fauny. W jaskiniach: Spella Huxhise, Ice Cave (AVL-106), Spella de Akullt (AVL-52), Spella e Valbones (110), Spella Sportive oraz wspomnianych sztolniach, dzi\u0119ki wsp\u00f3lnym wysi\u0142kom cz\u0142onk\u00f3w wyprawy, zebrane zosta\u0142y \u0142\u0105cznie 102 okazy stawonog\u00f3w. Nale\u017c\u0105 one do 8 rz\u0119d\u00f3w: chrz\u0105szczy, much\u00f3wek, paj\u0105k\u00f3w, kosarzy, kleszczy, dwuparc\u00f3w i skoczogonk\u00f3w. Zdecydowan\u0105 wi\u0119kszo\u015b\u0107 kolekcji uda\u0142o si\u0119 oznaczy\u0107 do gatunku, w\u015br\u00f3d kt\u00f3rych wiele jest form typowo troglobiontycznych oraz nowych dla fauny Albanii. <\/p>\n\n\n\n<p>Szczeg\u00f3\u0142y ju\u017c niebawem w publikacji naukowej<\/p>\n\n\n\n<figure class=\"wp-block-gallery has-nested-images columns-default is-cropped wp-block-gallery-1 is-layout-flex wp-block-gallery-is-layout-flex\">\n<figure class=\"wp-block-image size-large is-style-default\"><img loading=\"lazy\" decoding=\"async\" width=\"800\" height=\"598\" data-id=\"11679\" src=\"http:\/\/speleonews.pl\/valbona\/wp-content\/uploads\/2022\/02\/Asia-w-sztolni-800x598.jpg\" alt=\"\" class=\"wp-image-11679\" srcset=\"https:\/\/speleonews.pl\/valbona\/wp-content\/uploads\/2022\/02\/Asia-w-sztolni.jpg 800w, https:\/\/speleonews.pl\/valbona\/wp-content\/uploads\/2022\/02\/Asia-w-sztolni-768x574.jpg 768w, https:\/\/speleonews.pl\/valbona\/wp-content\/uploads\/2022\/02\/Asia-w-sztolni-18x12.jpg 18w\" sizes=\"(max-width: 800px) 100vw, 800px\" \/><figcaption class=\"wp-element-caption\">Asia podczas pracy w sztolni<\/figcaption><\/figure>\n\n\n\n<figure class=\"wp-block-image size-large is-style-default\"><img loading=\"lazy\" decoding=\"async\" width=\"800\" height=\"450\" data-id=\"11677\" src=\"http:\/\/speleonews.pl\/valbona\/wp-content\/uploads\/2022\/02\/halda-boksytu-800x450.jpg\" alt=\"\" class=\"wp-image-11677\" srcset=\"https:\/\/speleonews.pl\/valbona\/wp-content\/uploads\/2022\/02\/halda-boksytu.jpg 800w, https:\/\/speleonews.pl\/valbona\/wp-content\/uploads\/2022\/02\/halda-boksytu-768x432.jpg 768w\" sizes=\"(max-width: 800px) 100vw, 800px\" \/><figcaption class=\"wp-element-caption\">Widok w kierunku dawnej kopalni boksytu<\/figcaption><\/figure>\n\n\n\n<figure class=\"wp-block-image size-large is-style-default\"><img loading=\"lazy\" decoding=\"async\" width=\"800\" height=\"568\" data-id=\"11678\" src=\"http:\/\/speleonews.pl\/valbona\/wp-content\/uploads\/2022\/02\/stara-taczka-w-sztolni-800x568.jpg\" alt=\"\" class=\"wp-image-11678\" srcset=\"https:\/\/speleonews.pl\/valbona\/wp-content\/uploads\/2022\/02\/stara-taczka-w-sztolni.jpg 800w, https:\/\/speleonews.pl\/valbona\/wp-content\/uploads\/2022\/02\/stara-taczka-w-sztolni-768x545.jpg 768w, https:\/\/speleonews.pl\/valbona\/wp-content\/uploads\/2022\/02\/stara-taczka-w-sztolni-18x12.jpg 18w\" sizes=\"(max-width: 800px) 100vw, 800px\" \/><figcaption class=\"wp-element-caption\">Pozosta\u0142o\u015bci po g\u00f3rnikach<\/figcaption><\/figure>\n\n\n\n<figure class=\"wp-block-image size-large is-style-default\"><img loading=\"lazy\" decoding=\"async\" width=\"800\" height=\"450\" data-id=\"11680\" src=\"http:\/\/speleonews.pl\/valbona\/wp-content\/uploads\/2022\/02\/w-poszukiwaniu-z\u0307ycia-800x450.jpg\" alt=\"\" class=\"wp-image-11680\" srcset=\"https:\/\/speleonews.pl\/valbona\/wp-content\/uploads\/2022\/02\/w-poszukiwaniu-z\u0307ycia.jpg 800w, https:\/\/speleonews.pl\/valbona\/wp-content\/uploads\/2022\/02\/w-poszukiwaniu-z\u0307ycia-768x432.jpg 768w\" sizes=\"(max-width: 800px) 100vw, 800px\" \/><figcaption class=\"wp-element-caption\">W poszukiwaniu okaz\u00f3w<\/figcaption><\/figure>\n<figcaption class=\"blocks-gallery-caption wp-element-caption\">Kilka obraz\u00f3w z bada\u0144 w sztolniach (dawna kopalni boksytu w Valbonie) <br><sup>fot. Mariusz Polok<\/sup><\/figcaption><\/figure>\n\n\n\n<p><\/p>\n","protected":false},"excerpt":{"rendered":"<p>Dr Joanna Kocot Zalewska Podczas wyprawy przeprowadzono rekonesans jaski\u0144 i&hellip;<\/p>\n<p> <a class=\"more-link\" href=\"https:\/\/speleonews.pl\/valbona\/badania-naukowe\/2021-badania-speleofauny\/\">Czytaj dalej<\/a><\/p>\n","protected":false},"author":1,"featured_media":11679,"parent":11637,"menu_order":0,"comment_status":"closed","ping_status":"closed","template":"","meta":{"footnotes":""},"_links":{"self":[{"href":"https:\/\/speleonews.pl\/valbona\/wp-json\/wp\/v2\/pages\/11676"}],"collection":[{"href":"https:\/\/speleonews.pl\/valbona\/wp-json\/wp\/v2\/pages"}],"about":[{"href":"https:\/\/speleonews.pl\/valbona\/wp-json\/wp\/v2\/types\/page"}],"author":[{"embeddable":true,"href":"https:\/\/speleonews.pl\/valbona\/wp-json\/wp\/v2\/users\/1"}],"replies":[{"embeddable":true,"href":"https:\/\/speleonews.pl\/valbona\/wp-json\/wp\/v2\/comments?post=11676"}],"version-history":[{"count":2,"href":"https:\/\/speleonews.pl\/valbona\/wp-json\/wp\/v2\/pages\/11676\/revisions"}],"predecessor-version":[{"id":11964,"href":"https:\/\/speleonews.pl\/valbona\/wp-json\/wp\/v2\/pages\/11676\/revisions\/11964"}],"up":[{"embeddable":true,"href":"https:\/\/speleonews.pl\/valbona\/wp-json\/wp\/v2\/pages\/11637"}],"wp:featuredmedia":[{"embeddable":true,"href":"https:\/\/speleonews.pl\/valbona\/wp-json\/wp\/v2\/media\/11679"}],"wp:attachment":[{"href":"https:\/\/speleonews.pl\/valbona\/wp-json\/wp\/v2\/media?parent=11676"}],"curies":[{"name":"wp","href":"https:\/\/api.w.org\/{rel}","templated":true}]}}