{"id":11948,"date":"2022-12-11T11:51:44","date_gmt":"2022-12-11T11:51:44","guid":{"rendered":"http:\/\/speleonews.pl\/valbona\/?page_id=11948"},"modified":"2022-12-11T13:40:02","modified_gmt":"2022-12-11T13:40:02","slug":"2022-raport-z-badan-chiropterologicznych","status":"publish","type":"page","link":"https:\/\/speleonews.pl\/valbona\/en\/badania-naukowe\/2022-raport-z-badan-chiropterologicznych\/","title":{"rendered":"Albanian bats expedition report - August 2022"},"content":{"rendered":"<p>Dr <strong>Andrea Pereswiet-Soltan<\/strong><\/p>\n\n\n\n<p>The Polish-Italian, inter-club expedition to Albania organized this year was focused on achieving 3 main chiropterological goals:<\/p>\n\n\n\n<ol>\n<li>1. Recording of flying bats inside and outside selected caves in order to check their activity using automatic bats-detectors. Dodotronic 384K BLE microphones were placed just outside the entrance to the cave (fig.1, 2, 3). The microphones were set in trigger mode (so that they activate when detecting sounds and ultrasounds emitted by bats and other animals) in the time range: half an hour before sunset to half an hour after sunset;<\/li>\n\n\n\n<li>2. Visual inspection of the presence of bats in caves or identification of the presence of bats based on the presence of bones and guano;<\/li>\n\n\n\n<li>3. Trapping bats at cave openings and in their vicinity, using mist nets, in order to determine the species, sex and reproductive status of identified individuals (fig.4, 5, 6 ,7, 8, 9, 10). \nField activities were undertaken despite the fact that the weather was not a favorable factor until the end of the expedition. Activities undertaken in the field were hindered by the last night's rainfall and frequent fog in the evening, which caused the mist nets to get wet. The aim of these activities was a better recognition of the chiropterofauna of the studied high mountain region. Recordings made using bats-detectors are still subject to analytical work, therefore it is not possible to present the final results at present.<\/li>\n<\/ol>\n\n\n\n<figure class=\"wp-block-gallery has-nested-images columns-default is-cropped wp-block-gallery-1 is-layout-flex wp-block-gallery-is-layout-flex\">\n<figure class=\"wp-block-image size-large is-style-default\"><img loading=\"lazy\" decoding=\"async\" width=\"281\" height=\"433\" data-id=\"11949\" src=\"http:\/\/speleonews.pl\/valbona\/wp-content\/uploads\/2022\/12\/Albanian-bats-expedition-report-August-2022_EN_1.jpg\" alt=\"\" class=\"wp-image-11949\" srcset=\"https:\/\/speleonews.pl\/valbona\/wp-content\/uploads\/2022\/12\/Albanian-bats-expedition-report-August-2022_EN_1.jpg 281w, https:\/\/speleonews.pl\/valbona\/wp-content\/uploads\/2022\/12\/Albanian-bats-expedition-report-August-2022_EN_1-195x300.jpg 195w, https:\/\/speleonews.pl\/valbona\/wp-content\/uploads\/2022\/12\/Albanian-bats-expedition-report-August-2022_EN_1-8x12.jpg 8w\" sizes=\"(max-width: 281px) 100vw, 281px\" \/><figcaption class=\"wp-element-caption\">Fig.1-Launching and setting the function of the ultrasonic microphone<\/figcaption><\/figure>\n\n\n\n<figure class=\"wp-block-image size-large is-style-default\"><img loading=\"lazy\" decoding=\"async\" width=\"244\" height=\"325\" data-id=\"11950\" src=\"http:\/\/speleonews.pl\/valbona\/wp-content\/uploads\/2022\/12\/Albanian-bats-expedition-report-August-2022_EN_2.jpg\" alt=\"\" class=\"wp-image-11950\" srcset=\"https:\/\/speleonews.pl\/valbona\/wp-content\/uploads\/2022\/12\/Albanian-bats-expedition-report-August-2022_EN_2.jpg 244w, https:\/\/speleonews.pl\/valbona\/wp-content\/uploads\/2022\/12\/Albanian-bats-expedition-report-August-2022_EN_2-225x300.jpg 225w, https:\/\/speleonews.pl\/valbona\/wp-content\/uploads\/2022\/12\/Albanian-bats-expedition-report-August-2022_EN_2-9x12.jpg 9w\" sizes=\"(max-width: 244px) 100vw, 244px\" \/><figcaption class=\"wp-element-caption\">Fig.2-Ultrasonic microphone at the horizontal cave entrance<\/figcaption><\/figure>\n\n\n\n<figure class=\"wp-block-image size-large is-style-default\"><img loading=\"lazy\" decoding=\"async\" width=\"244\" height=\"325\" data-id=\"11951\" src=\"http:\/\/speleonews.pl\/valbona\/wp-content\/uploads\/2022\/12\/Albanian-bats-expedition-report-August-2022_EN_3.jpg\" alt=\"\" class=\"wp-image-11951\" srcset=\"https:\/\/speleonews.pl\/valbona\/wp-content\/uploads\/2022\/12\/Albanian-bats-expedition-report-August-2022_EN_3.jpg 244w, https:\/\/speleonews.pl\/valbona\/wp-content\/uploads\/2022\/12\/Albanian-bats-expedition-report-August-2022_EN_3-225x300.jpg 225w, https:\/\/speleonews.pl\/valbona\/wp-content\/uploads\/2022\/12\/Albanian-bats-expedition-report-August-2022_EN_3-9x12.jpg 9w\" sizes=\"(max-width: 244px) 100vw, 244px\" \/><figcaption class=\"wp-element-caption\">Fig.3-Ultrasonic microphone at the vertical cave entrance<\/figcaption><\/figure>\n\n\n\n<figure class=\"wp-block-image size-large is-style-default\"><img loading=\"lazy\" decoding=\"async\" width=\"244\" height=\"325\" data-id=\"11952\" src=\"http:\/\/speleonews.pl\/valbona\/wp-content\/uploads\/2022\/12\/Albanian-bats-expedition-report-August-2022_EN_4.jpg\" alt=\"\" class=\"wp-image-11952\" srcset=\"https:\/\/speleonews.pl\/valbona\/wp-content\/uploads\/2022\/12\/Albanian-bats-expedition-report-August-2022_EN_4.jpg 244w, https:\/\/speleonews.pl\/valbona\/wp-content\/uploads\/2022\/12\/Albanian-bats-expedition-report-August-2022_EN_4-225x300.jpg 225w, https:\/\/speleonews.pl\/valbona\/wp-content\/uploads\/2022\/12\/Albanian-bats-expedition-report-August-2022_EN_4-9x12.jpg 9w\" sizes=\"(max-width: 244px) 100vw, 244px\" \/><figcaption class=\"wp-element-caption\">Fig.4-Team at work on bats trapping<\/figcaption><\/figure>\n\n\n\n<figure class=\"wp-block-image size-large is-style-default\"><img loading=\"lazy\" decoding=\"async\" width=\"578\" height=\"433\" data-id=\"11953\" src=\"http:\/\/speleonews.pl\/valbona\/wp-content\/uploads\/2022\/12\/Albanian-bats-expedition-report-August-2022_EN_5.jpg\" alt=\"\" class=\"wp-image-11953\" srcset=\"https:\/\/speleonews.pl\/valbona\/wp-content\/uploads\/2022\/12\/Albanian-bats-expedition-report-August-2022_EN_5.jpg 578w, https:\/\/speleonews.pl\/valbona\/wp-content\/uploads\/2022\/12\/Albanian-bats-expedition-report-August-2022_EN_5-300x225.jpg 300w, https:\/\/speleonews.pl\/valbona\/wp-content\/uploads\/2022\/12\/Albanian-bats-expedition-report-August-2022_EN_5-16x12.jpg 16w\" sizes=\"(max-width: 578px) 100vw, 578px\" \/><figcaption class=\"wp-element-caption\">Fig.5-Laying mist-nets<\/figcaption><\/figure>\n\n\n\n<figure class=\"wp-block-image size-large is-style-default\"><img loading=\"lazy\" decoding=\"async\" width=\"288\" height=\"393\" data-id=\"11954\" src=\"http:\/\/speleonews.pl\/valbona\/wp-content\/uploads\/2022\/12\/Albanian-bats-expedition-report-August-2022_EN_6.jpg\" alt=\"\" class=\"wp-image-11954\" srcset=\"https:\/\/speleonews.pl\/valbona\/wp-content\/uploads\/2022\/12\/Albanian-bats-expedition-report-August-2022_EN_6.jpg 288w, https:\/\/speleonews.pl\/valbona\/wp-content\/uploads\/2022\/12\/Albanian-bats-expedition-report-August-2022_EN_6-220x300.jpg 220w, https:\/\/speleonews.pl\/valbona\/wp-content\/uploads\/2022\/12\/Albanian-bats-expedition-report-August-2022_EN_6-9x12.jpg 9w\" sizes=\"(max-width: 288px) 100vw, 288px\" \/><figcaption class=\"wp-element-caption\">Fig.6-Work at the mist-nets<\/figcaption><\/figure>\n\n\n\n<figure class=\"wp-block-image size-large is-style-default\"><img loading=\"lazy\" decoding=\"async\" width=\"244\" height=\"325\" data-id=\"11955\" src=\"http:\/\/speleonews.pl\/valbona\/wp-content\/uploads\/2022\/12\/Albanian-bats-expedition-report-August-2022_EN_7.jpg\" alt=\"\" class=\"wp-image-11955\" srcset=\"https:\/\/speleonews.pl\/valbona\/wp-content\/uploads\/2022\/12\/Albanian-bats-expedition-report-August-2022_EN_7.jpg 244w, https:\/\/speleonews.pl\/valbona\/wp-content\/uploads\/2022\/12\/Albanian-bats-expedition-report-August-2022_EN_7-225x300.jpg 225w, https:\/\/speleonews.pl\/valbona\/wp-content\/uploads\/2022\/12\/Albanian-bats-expedition-report-August-2022_EN_7-9x12.jpg 9w\" sizes=\"(max-width: 244px) 100vw, 244px\" \/><figcaption class=\"wp-element-caption\">Fig.7-Measurement of the bat's forearm<\/figcaption><\/figure>\n\n\n\n<figure class=\"wp-block-image size-large is-style-default\"><img loading=\"lazy\" decoding=\"async\" width=\"244\" height=\"325\" data-id=\"11956\" src=\"http:\/\/speleonews.pl\/valbona\/wp-content\/uploads\/2022\/12\/Albanian-bats-expedition-report-August-2022_EN_8.jpg\" alt=\"\" class=\"wp-image-11956\" srcset=\"https:\/\/speleonews.pl\/valbona\/wp-content\/uploads\/2022\/12\/Albanian-bats-expedition-report-August-2022_EN_8.jpg 244w, https:\/\/speleonews.pl\/valbona\/wp-content\/uploads\/2022\/12\/Albanian-bats-expedition-report-August-2022_EN_8-225x300.jpg 225w, https:\/\/speleonews.pl\/valbona\/wp-content\/uploads\/2022\/12\/Albanian-bats-expedition-report-August-2022_EN_8-9x12.jpg 9w\" sizes=\"(max-width: 244px) 100vw, 244px\" \/><figcaption class=\"wp-element-caption\">Fig.8-Weighing a bat with a \"pesola\" scale<\/figcaption><\/figure>\n\n\n\n<figure class=\"wp-block-image size-large is-style-default\"><img loading=\"lazy\" decoding=\"async\" width=\"244\" height=\"325\" data-id=\"11957\" src=\"http:\/\/speleonews.pl\/valbona\/wp-content\/uploads\/2022\/12\/Albanian-bats-expedition-report-August-2022_EN_9.jpg\" alt=\"\" class=\"wp-image-11957\" srcset=\"https:\/\/speleonews.pl\/valbona\/wp-content\/uploads\/2022\/12\/Albanian-bats-expedition-report-August-2022_EN_9.jpg 244w, https:\/\/speleonews.pl\/valbona\/wp-content\/uploads\/2022\/12\/Albanian-bats-expedition-report-August-2022_EN_9-225x300.jpg 225w, https:\/\/speleonews.pl\/valbona\/wp-content\/uploads\/2022\/12\/Albanian-bats-expedition-report-August-2022_EN_9-9x12.jpg 9w\" sizes=\"(max-width: 244px) 100vw, 244px\" \/><figcaption class=\"wp-element-caption\">Fig.9-Wing and bat age control<\/figcaption><\/figure>\n\n\n\n<figure class=\"wp-block-image size-large is-style-default\"><img loading=\"lazy\" decoding=\"async\" width=\"244\" height=\"325\" data-id=\"11958\" src=\"http:\/\/speleonews.pl\/valbona\/wp-content\/uploads\/2022\/12\/Albanian-bats-expedition-report-August-2022_EN_10.jpg\" alt=\"\" class=\"wp-image-11958\" srcset=\"https:\/\/speleonews.pl\/valbona\/wp-content\/uploads\/2022\/12\/Albanian-bats-expedition-report-August-2022_EN_10.jpg 244w, https:\/\/speleonews.pl\/valbona\/wp-content\/uploads\/2022\/12\/Albanian-bats-expedition-report-August-2022_EN_10-225x300.jpg 225w, https:\/\/speleonews.pl\/valbona\/wp-content\/uploads\/2022\/12\/Albanian-bats-expedition-report-August-2022_EN_10-9x12.jpg 9w\" sizes=\"(max-width: 244px) 100vw, 244px\" \/><figcaption class=\"wp-element-caption\">Fig.10-Checking the sex of the bat<\/figcaption><\/figure>\n\n\n\n<figure class=\"wp-block-image size-large is-style-default\"><img loading=\"lazy\" decoding=\"async\" width=\"244\" height=\"325\" data-id=\"11959\" src=\"http:\/\/speleonews.pl\/valbona\/wp-content\/uploads\/2022\/12\/Albanian-bats-expedition-report-August-2022_EN_11.jpg\" alt=\"\" class=\"wp-image-11959\" srcset=\"https:\/\/speleonews.pl\/valbona\/wp-content\/uploads\/2022\/12\/Albanian-bats-expedition-report-August-2022_EN_11.jpg 244w, https:\/\/speleonews.pl\/valbona\/wp-content\/uploads\/2022\/12\/Albanian-bats-expedition-report-August-2022_EN_11-225x300.jpg 225w, https:\/\/speleonews.pl\/valbona\/wp-content\/uploads\/2022\/12\/Albanian-bats-expedition-report-August-2022_EN_11-9x12.jpg 9w\" sizes=\"(max-width: 244px) 100vw, 244px\" \/><figcaption class=\"wp-element-caption\">Fig.11-Bat release<\/figcaption><\/figure>\n<\/figure>\n\n\n\n<p><em><sup>Photographs by Andrea Pereswiet-Soltan and Justyna Pokorska<\/sup><\/em><\/p>\n\n\n\n<p>Results:<br>1. The recordings were made inside 6 caves, e.g. the longest cave of the study area: Shpella Sportiva AVL 70, Shpella e Valbones AVL-110 and smaller caves AVL-R78, AVL-R51, AVL-R50. The data is still under development. A total of around 540 hours of recordings were collected;<br>2. The inspection of the caves did not confirm the presence of bat tracks;<br>3. Catches were carried out during 3 nights. The research at the Shpella Sportiva cave was carried out one night, while at the Shpella e Valbones cave during the other two nights.<br>Po\u0142\u00f3w by\u0142 udany tylko jednej nocy. W tym czasie w pobli\u017cu jaskini Shpella e Valbones z\u0142apano 7 nietoperzy. Osobniki nale\u017c\u0105 do rodzaju Plecotus sp. (fot. 11), zidentyfikowano Plecotus auritus i Plecotus austriacus\/kolombatovici. Z\u0142owione nietoperze, po ogl\u0119dzinach, zosta\u0142y wypuszczone w miejscu schwytania. W pozosta\u0142ych badaniach nie uzyskano wynik\u00f3w ze wzgl\u0119du na brak od\u0142owionych okaz\u00f3w.<\/p>","protected":false},"excerpt":{"rendered":"<p>Dr Andrea Pereswiet-Soltan Badania prowadzone podczas \u015brodowiskowej Polsko-w\u0142oskiej wyprawy do&hellip;<\/p>\n<p> <a class=\"more-link\" href=\"https:\/\/speleonews.pl\/valbona\/en\/badania-naukowe\/2022-raport-z-badan-chiropterologicznych\/\">Read more<\/a><\/p>","protected":false},"author":1,"featured_media":11956,"parent":11637,"menu_order":0,"comment_status":"closed","ping_status":"closed","template":"","meta":{"footnotes":""},"_links":{"self":[{"href":"https:\/\/speleonews.pl\/valbona\/en\/wp-json\/wp\/v2\/pages\/11948"}],"collection":[{"href":"https:\/\/speleonews.pl\/valbona\/en\/wp-json\/wp\/v2\/pages"}],"about":[{"href":"https:\/\/speleonews.pl\/valbona\/en\/wp-json\/wp\/v2\/types\/page"}],"author":[{"embeddable":true,"href":"https:\/\/speleonews.pl\/valbona\/en\/wp-json\/wp\/v2\/users\/1"}],"replies":[{"embeddable":true,"href":"https:\/\/speleonews.pl\/valbona\/en\/wp-json\/wp\/v2\/comments?post=11948"}],"version-history":[{"count":4,"href":"https:\/\/speleonews.pl\/valbona\/en\/wp-json\/wp\/v2\/pages\/11948\/revisions"}],"predecessor-version":[{"id":11968,"href":"https:\/\/speleonews.pl\/valbona\/en\/wp-json\/wp\/v2\/pages\/11948\/revisions\/11968"}],"up":[{"embeddable":true,"href":"https:\/\/speleonews.pl\/valbona\/en\/wp-json\/wp\/v2\/pages\/11637"}],"wp:featuredmedia":[{"embeddable":true,"href":"https:\/\/speleonews.pl\/valbona\/en\/wp-json\/wp\/v2\/media\/11956"}],"wp:attachment":[{"href":"https:\/\/speleonews.pl\/valbona\/en\/wp-json\/wp\/v2\/media?parent=11948"}],"curies":[{"name":"wp","href":"https:\/\/api.w.org\/{rel}","templated":true}]}}