{"id":11919,"date":"2022-11-27T18:58:13","date_gmt":"2022-11-27T18:58:13","guid":{"rendered":"http:\/\/speleonews.pl\/valbona\/?page_id=11919"},"modified":"2022-11-27T19:15:09","modified_gmt":"2022-11-27T19:15:09","slug":"2022-wyprawa-srodowiskowa-do-albanii","status":"publish","type":"page","link":"https:\/\/speleonews.pl\/valbona\/en\/eksploracja\/2022-wyprawa-srodowiskowa-do-albanii\/","title":{"rendered":"2022 Wyprawa \u015brodowiskowa do Albanii"},"content":{"rendered":"<h2 class=\"wp-block-heading\">Nowa rekordzistka Albanii Shpella e Valbones ma -637 m i b\u0119dzie g\u0142\u0119bsza!<\/h2>\n\n\n\n<p><em>Katarzyna Lena Koprowska<\/em><\/p>\n\n\n\n<p>Bardzo si\u0119 cieszymy, \u017ce mo\u017cemy podzieli\u0107 si\u0119 z Wami t\u0105 wspania\u0142\u0105 wiadomo\u015bci\u0105. Podczas tegorocznej wyprawy polscy speleolodzy wyeksplorowali najg\u0142\u0119bsz\u0105 jaskini\u0119 w Albanii. <\/p>\n\n\n\n<figure class=\"wp-block-image size-full is-style-default\"><img loading=\"lazy\" decoding=\"async\" width=\"800\" height=\"591\" src=\"http:\/\/speleonews.pl\/valbona\/wp-content\/uploads\/2022\/11\/ALBANIA-2022-strazak-MP-i.jpg\" alt=\"\" class=\"wp-image-11922\" srcset=\"https:\/\/speleonews.pl\/valbona\/wp-content\/uploads\/2022\/11\/ALBANIA-2022-strazak-MP-i.jpg 800w, https:\/\/speleonews.pl\/valbona\/wp-content\/uploads\/2022\/11\/ALBANIA-2022-strazak-MP-i-300x222.jpg 300w, https:\/\/speleonews.pl\/valbona\/wp-content\/uploads\/2022\/11\/ALBANIA-2022-strazak-MP-i-768x567.jpg 768w, https:\/\/speleonews.pl\/valbona\/wp-content\/uploads\/2022\/11\/ALBANIA-2022-strazak-MP-i-16x12.jpg 16w\" sizes=\"(max-width: 800px) 100vw, 800px\" \/><figcaption class=\"wp-element-caption\"><em>Fot. Mariusz Polok<\/em><\/figcaption><\/figure>\n\n\n\n<p>Ale jak? \u2013 pytacie. Oto kilka akapit\u00f3w z zaplecza tego niekwestionowanego sukcesu.&nbsp;<\/p>\n\n\n\n<p><strong>Odrobiona praca domowa<\/strong><\/p>\n\n\n\n<p>Pewnie planuj\u0105c tak wielkie przedsi\u0119wzi\u0119cie przy udziale tak du\u017cej liczby uczestnik\u00f3w nie da si\u0119 unikn\u0105\u0107 b\u0142\u0119d\u00f3w. Te, kt\u00f3re pope\u0142nili\u015bmy w ubieg\u0142ym roku tak dotkliwie nas do\u015bwiadczy\u0142y, \u017ce zaraz po powrocie do Polski dog\u0142\u0119bnie zacz\u0119li\u015bmy je analizowa\u0107 i wyci\u0105ga\u0107 wnioski. D\u0142ugie godziny sp\u0119dzone na zdalnych grupowych po\u0142\u0105czeniach wideo oraz dyskusje, bywa\u0142o \u017ce prowadzone w tonie nazwijmy to nie\u0142atwym, zdecydowanie prze\u0142o\u017cy\u0142y si\u0119 na kapitaln\u0105 organizacj\u0119 i skuteczno\u015b\u0107.&nbsp;<\/p>\n\n\n\n<p>Pr\u0119\u017cnie zabrali\u015bmy si\u0119 za sk\u0142adki i wydatki. Szybko zakupili\u015bmy 2 km lin, 400 plakietek, tyle\u017c kotew i karabink\u00f3w. Zapewnili\u015bmy sobie odpowiedni\u0105 ilo\u015b\u0107 wiertarek i szeroko wyspecjalizowanych wierte\u0142. Om\u00f3wili\u015bmy kwesti\u0119 pozyskania odpowiednich zasob\u00f3w energii z paneli s\u0142onecznych oraz system transportowania wody ze stawu do baz\u00f3wki przy jednoczesnym wydolnym jej filtrowaniu. Wyposa\u017cyli\u015bmy g\u0142\u00f3wny namiot w o\u015bwietlenie ledowe i uzupe\u0142nili\u015bmy braki w zapleczu kuchennym. Przygotowali\u015bmy r\u00f3wnie\u017c odpowiedni sprz\u0119t na okoliczno\u015b\u0107 ewentualnej budowy biwaku podziemnego.<\/p>\n\n\n\n<figure class=\"wp-block-gallery has-nested-images columns-default is-cropped wp-block-gallery-1 is-layout-flex wp-block-gallery-is-layout-flex\">\n<figure class=\"wp-block-image size-large is-style-default\"><img loading=\"lazy\" decoding=\"async\" width=\"800\" height=\"450\" data-id=\"11923\" src=\"http:\/\/speleonews.pl\/valbona\/wp-content\/uploads\/2022\/11\/Baza-mp-i.jpg\" alt=\"\" class=\"wp-image-11923\" srcset=\"https:\/\/speleonews.pl\/valbona\/wp-content\/uploads\/2022\/11\/Baza-mp-i.jpg 800w, https:\/\/speleonews.pl\/valbona\/wp-content\/uploads\/2022\/11\/Baza-mp-i-300x169.jpg 300w, https:\/\/speleonews.pl\/valbona\/wp-content\/uploads\/2022\/11\/Baza-mp-i-768x432.jpg 768w, https:\/\/speleonews.pl\/valbona\/wp-content\/uploads\/2022\/11\/Baza-mp-i-18x10.jpg 18w\" sizes=\"(max-width: 800px) 100vw, 800px\" \/><figcaption class=\"wp-element-caption\">Baza<\/figcaption><\/figure>\n\n\n\n<figure class=\"wp-block-image size-large is-style-default\"><img loading=\"lazy\" decoding=\"async\" width=\"800\" height=\"451\" data-id=\"11927\" src=\"http:\/\/speleonews.pl\/valbona\/wp-content\/uploads\/2022\/11\/slawcio-2-i.jpg\" alt=\"\" class=\"wp-image-11927\" srcset=\"https:\/\/speleonews.pl\/valbona\/wp-content\/uploads\/2022\/11\/slawcio-2-i.jpg 800w, https:\/\/speleonews.pl\/valbona\/wp-content\/uploads\/2022\/11\/slawcio-2-i-300x169.jpg 300w, https:\/\/speleonews.pl\/valbona\/wp-content\/uploads\/2022\/11\/slawcio-2-i-768x433.jpg 768w, https:\/\/speleonews.pl\/valbona\/wp-content\/uploads\/2022\/11\/slawcio-2-i-18x10.jpg 18w\" sizes=\"(max-width: 800px) 100vw, 800px\" \/><\/figure>\n\n\n\n<figure class=\"wp-block-image size-large is-style-default\"><img loading=\"lazy\" decoding=\"async\" width=\"800\" height=\"451\" data-id=\"11928\" src=\"http:\/\/speleonews.pl\/valbona\/wp-content\/uploads\/2022\/11\/slawcio-3-i.jpg\" alt=\"\" class=\"wp-image-11928\" srcset=\"https:\/\/speleonews.pl\/valbona\/wp-content\/uploads\/2022\/11\/slawcio-3-i.jpg 800w, https:\/\/speleonews.pl\/valbona\/wp-content\/uploads\/2022\/11\/slawcio-3-i-300x169.jpg 300w, https:\/\/speleonews.pl\/valbona\/wp-content\/uploads\/2022\/11\/slawcio-3-i-768x433.jpg 768w, https:\/\/speleonews.pl\/valbona\/wp-content\/uploads\/2022\/11\/slawcio-3-i-18x10.jpg 18w\" sizes=\"(max-width: 800px) 100vw, 800px\" \/><\/figure>\n<\/figure>\n\n\n\n<p><em><sup>Fot. S\u0142awek Parzonka<\/sup><\/em><\/p>\n\n\n\n<p>Rozwa\u017cali\u015bmy zast\u0105pienie transportu konnego helikopterem, niestety mimo konsekwentnej korespondencji i zaci\u0119tej negocjacji opcja ta okaza\u0142a si\u0119 niedost\u0119pna. Zatem wory ze sprz\u0119tem i zakupami spo\u017cywczymi z Polski przygotowali\u015bmy z odpowiednim wyprzedzeniem, co oszcz\u0119dzi\u0142o nam czasu na przepakowanie grat\u00f3w na miejscu. Konie, mimo parszywej prognozy pogody, przysz\u0142y punktualnie i zabra\u0142y wszystkie wory \u2013 do celu, na plateou. Wchodz\u0105c na szlak mieli\u015bmy g\u0142\u0119bokie poczucie, \u017ce jeste\u015bmy gotowi na wszystko.&nbsp;<\/p>\n\n\n\n<p><strong>M\u0142odzie\u017c nadziej\u0105 jest i si\u0142\u0105<\/strong><\/p>\n\n\n\n<p>Maj\u0105c \u015bwiadomo\u015b\u0107, \u017ce nasze dzia\u0142ania mog\u0105 sta\u0107 si\u0119 coraz bardziej czaso- i energoch\u0142onne otworzyli\u015bmy nab\u00f3r nowych cz\u0142onk\u00f3w na wypraw\u0119. Nie wszyscy, kt\u00f3rzy chcieli z nami jecha\u0107 do Albanii znale\u017ali si\u0119 na li\u015bcie, ale za to ci, kt\u00f3rzy do zespo\u0142u trafili na pewno nie wypadli sroce spod ogona. S\u0105 w\u015br\u00f3d nich tacy, kt\u00f3rzy uprawnienia taternickie uzyskali stosunkowo niedawno i by\u0107 mo\u017ce brakowa\u0142o im do\u015bwiadczenia w krasie typu alpejskiego. Nie mniej zdecydowanie nadrabiali indywiduum i niebagatelnym charakterkiem \u2013 ka\u017cdy swoim. \u015awie\u017co\u015bci\u0105, witalno\u015bci\u0105 i ch\u0119ci\u0105 dzia\u0142ania do\u0142o\u017cyli do tego teamu mas\u0119 wspania\u0142ej energii.&nbsp;<\/p>\n\n\n\n<p><strong>Rozgrzewka<\/strong><\/p>\n\n\n\n<p>Ob\u00f3z przetrwania w alba\u0144skim krasie ruszy\u0142 z kopyta \u2013 dos\u0142ownie i w przeno\u015bni. Skoro w poniedzia\u0142ek o \u015bwicie wysz\u0142y konie z \u0142adunkami, to i my ruszyli\u015bmy w g\u00f3ry. Odebrali\u015bmy ubieg\u0142oroczne depozyty, zbudowali\u015bmy mes\u0119, postawili\u015bmy namiot sprz\u0119towy, pod\u0142\u0105czyli\u015bmy pr\u0105d i wod\u0119 wed\u0142ug przygotowanego projektu oraz postawili\u015bmy nasze ma\u0142e domki. We wtorek najm\u0142odsi sta\u017cem uczestnicy ruszyli na spacer powierzchniowy oswoi\u0107 si\u0119 z terenem, natomiast stara gwardia do om\u00f3wionych przed wypraw\u0105 problem\u00f3w i zada\u0144. W \u015brod\u0119 i czwartek ju\u017c ruszy\u0142y regularne prace eksploracyjne: por\u0119czowanie zlot\u00f3wek w Shpella Sportiva i Shpella e Valbones, dzia\u0142ania na przodku partii EWIAN, rekonesans \u015bniegowego sp\u0105gu w Shpella Kolapsa, szukanie nowych miejsc na depozyty i przy okazji odnalezienie kilku czy kilkunastu nowych otwor\u00f3w! Naukowcy r\u00f3wnie\u017c nie pr\u00f3\u017cnowali. Odebrali loggery pozostawione na zim\u0119, odczytywali z nich wyniki oraz w partiach przyotworowych montowali fotopu\u0142apki i mikrofony rejestruj\u0105ce ultrad\u017awi\u0119ki. Tylko co\u015b dni za kr\u00f3tkie a wieczorki si\u0119 przeci\u0105ga\u0142y, bo w dobrym towarzystwie szybko p\u0142ynie czas.&nbsp;<\/p>\n\n\n\n<p><strong>Esencja<\/strong><\/p>\n\n\n\n<p>Wspania\u0142e wie\u015bci (pierwsze w czwartek w nocy, a kolejne w pi\u0105tek nad ranem) przynios\u0142y nam dwa zespo\u0142y dzia\u0142aj\u0105ce na przodku w Shpella e Valbones. Jest wielka sala. Poszli\u015bmy za wod\u0105. Puszcza dalej.&nbsp;<\/p>\n\n\n\n<figure class=\"wp-block-gallery has-nested-images columns-default is-cropped wp-block-gallery-2 is-layout-flex wp-block-gallery-is-layout-flex\">\n<figure class=\"wp-block-image size-full is-style-default\"><img loading=\"lazy\" decoding=\"async\" width=\"800\" height=\"369\" data-id=\"11931\" src=\"http:\/\/speleonews.pl\/valbona\/wp-content\/uploads\/2022\/11\/zajonc-biwak-i.jpg\" alt=\"\" class=\"wp-image-11931\" srcset=\"https:\/\/speleonews.pl\/valbona\/wp-content\/uploads\/2022\/11\/zajonc-biwak-i.jpg 800w, https:\/\/speleonews.pl\/valbona\/wp-content\/uploads\/2022\/11\/zajonc-biwak-i-300x138.jpg 300w, https:\/\/speleonews.pl\/valbona\/wp-content\/uploads\/2022\/11\/zajonc-biwak-i-768x354.jpg 768w, https:\/\/speleonews.pl\/valbona\/wp-content\/uploads\/2022\/11\/zajonc-biwak-i-18x8.jpg 18w\" sizes=\"(max-width: 800px) 100vw, 800px\" \/><\/figure>\n<figcaption class=\"blocks-gallery-caption wp-element-caption\"><em>Biwak w Shpella e Valbones fot. Marcin Zaj\u0105czkowski<\/em><\/figcaption><\/figure>\n\n\n\n<p>Te newsy spod ziemi zdeterminowa\u0142y kolejne decyzje i ruchy. Dzia\u0142ania powierzchniowe zosta\u0142y ca\u0142kowicie zaniechane. Tematy z kategorii \u201cdo sprawdzenia\u201d b\u0119d\u0105 musia\u0142y poczeka\u0107 do przysz\u0142ego roku. Najm\u0142odszy sta\u017cem zostali zaanga\u017cowani w transporty sprz\u0119tu biwakowego do naszej wielkiej sali na -444, wi\u0119c ka\u017cdy mia\u0142 okazj\u0119 zobaczy\u0107 z jakim to molochem mamy do czynienia. Najbardziej do\u015bwiadczeni zbudowali ten przytulny podziemny hotel wy\u015bcie\u0142any karimatami. Sypialnia z aneksem kuchennym, blisko do toalety, a dla najbardziej zdeterminowanych i prysznic da\u0142oby si\u0119 wzi\u0105\u0107. W ten standard poza skal\u0105 gwiazdek przyby\u0142y dzia\u0142a\u0107 4 zespo\u0142y eksploracyjne w szychtach 12-godzinnych i 2 zespo\u0142y pomiarowe. Wysi\u0142ek i kolektyw si\u0119 op\u0142aci\u0142. Poza tym, \u017ce zaanga\u017cowa\u0142 wszystkich uczestnik\u00f3w wyprawy do osi\u0105gni\u0119cia wsp\u00f3lnego celu, to jeszcze po 4 dniach i nocach uda\u0142o si\u0119 ten cel zdoby\u0107. Ostatni zesp\u00f3\u0142 pomiarowy wyszed\u0142 na powierzchni\u0119 we wtorek wieczorem przynosz\u0105c ze sob\u0105 rekordowy pomiar -637 m. Rado\u015b\u0107 i wzruszenie nie mia\u0142y ko\u0144ca, wzajemne gratulacje i huczne \u015bwi\u0119towanie tak\u017ce.&nbsp;<\/p>\n\n\n\n<figure class=\"wp-block-image size-large is-style-default\"><img loading=\"lazy\" decoding=\"async\" width=\"574\" height=\"1024\" src=\"http:\/\/speleonews.pl\/valbona\/wp-content\/uploads\/2022\/11\/Shpella-e-Valbones-przekro-ij-574x1024.jpg\" alt=\"\" class=\"wp-image-11938\" srcset=\"https:\/\/speleonews.pl\/valbona\/wp-content\/uploads\/2022\/11\/Shpella-e-Valbones-przekro-ij-574x1024.jpg 574w, https:\/\/speleonews.pl\/valbona\/wp-content\/uploads\/2022\/11\/Shpella-e-Valbones-przekro-ij-168x300.jpg 168w, https:\/\/speleonews.pl\/valbona\/wp-content\/uploads\/2022\/11\/Shpella-e-Valbones-przekro-ij-768x1369.jpg 768w, https:\/\/speleonews.pl\/valbona\/wp-content\/uploads\/2022\/11\/Shpella-e-Valbones-przekro-ij-7x12.jpg 7w, https:\/\/speleonews.pl\/valbona\/wp-content\/uploads\/2022\/11\/Shpella-e-Valbones-przekro-ij.jpg 800w\" sizes=\"(max-width: 574px) 100vw, 574px\" \/><\/figure>\n\n\n\n<p><strong>Og\u0142oszenie wyniku i u\u015bciski d\u0142oni<\/strong><\/p>\n\n\n\n<p>Uda\u0142o si\u0119 zrobi\u0107 du\u017co nowego.&nbsp;<\/p>\n\n\n\n<p>W <strong>Shpella Haxhise<\/strong> (podobnie w jaskiniach Shpella Sportive i Shpella e Valbones) odczytano pomiary temperatury z roku 2021 i pozostawiono loggery na kolejny okres pomiarowy.&nbsp;<\/p>\n\n\n\n<p>Z jaskini <strong>Shpella Akullt<\/strong> pobrano 21 pr\u00f3bek lodu i materia\u0142u organicznego do bada\u0144 palinologicznych oraz datowania. Wykonano r\u00f3wnie\u017c pomiary patrolowe temperatury powietrza i lodu.<\/p>\n\n\n\n<figure class=\"wp-block-gallery has-nested-images columns-default is-cropped wp-block-gallery-3 is-layout-flex wp-block-gallery-is-layout-flex\">\n<figure class=\"wp-block-image size-large is-style-default\"><img loading=\"lazy\" decoding=\"async\" width=\"768\" height=\"1024\" data-id=\"11933\" src=\"http:\/\/speleonews.pl\/valbona\/wp-content\/uploads\/2022\/11\/justyna_pokorska-SA4-i-768x1024.jpg\" alt=\"\" class=\"wp-image-11933\" srcset=\"https:\/\/speleonews.pl\/valbona\/wp-content\/uploads\/2022\/11\/justyna_pokorska-SA4-i-768x1024.jpg 768w, https:\/\/speleonews.pl\/valbona\/wp-content\/uploads\/2022\/11\/justyna_pokorska-SA4-i-225x300.jpg 225w, https:\/\/speleonews.pl\/valbona\/wp-content\/uploads\/2022\/11\/justyna_pokorska-SA4-i-9x12.jpg 9w, https:\/\/speleonews.pl\/valbona\/wp-content\/uploads\/2022\/11\/justyna_pokorska-SA4-i.jpg 800w\" sizes=\"(max-width: 768px) 100vw, 768px\" \/><figcaption class=\"wp-element-caption\"><em>Fot. Justyna Pokorska<\/em><\/figcaption><\/figure>\n\n\n\n<figure class=\"wp-block-image size-large is-style-default\"><img loading=\"lazy\" decoding=\"async\" width=\"683\" height=\"1024\" data-id=\"11921\" src=\"http:\/\/speleonews.pl\/valbona\/wp-content\/uploads\/2022\/11\/ALBANIA-2022-SA-mp2-i-683x1024.jpg\" alt=\"\" class=\"wp-image-11921\" srcset=\"https:\/\/speleonews.pl\/valbona\/wp-content\/uploads\/2022\/11\/ALBANIA-2022-SA-mp2-i-683x1024.jpg 683w, https:\/\/speleonews.pl\/valbona\/wp-content\/uploads\/2022\/11\/ALBANIA-2022-SA-mp2-i-200x300.jpg 200w, https:\/\/speleonews.pl\/valbona\/wp-content\/uploads\/2022\/11\/ALBANIA-2022-SA-mp2-i-768x1151.jpg 768w, https:\/\/speleonews.pl\/valbona\/wp-content\/uploads\/2022\/11\/ALBANIA-2022-SA-mp2-i-8x12.jpg 8w, https:\/\/speleonews.pl\/valbona\/wp-content\/uploads\/2022\/11\/ALBANIA-2022-SA-mp2-i.jpg 800w\" sizes=\"(max-width: 683px) 100vw, 683px\" \/><figcaption class=\"wp-element-caption\"><em>Fot. Mariusz Polok<\/em><\/figcaption><\/figure>\n\n\n\n<figure class=\"wp-block-image size-large is-style-default\"><img loading=\"lazy\" decoding=\"async\" width=\"768\" height=\"1024\" data-id=\"11934\" src=\"http:\/\/speleonews.pl\/valbona\/wp-content\/uploads\/2022\/11\/justyna_pokorska-SA5-i-768x1024.jpg\" alt=\"\" class=\"wp-image-11934\" srcset=\"https:\/\/speleonews.pl\/valbona\/wp-content\/uploads\/2022\/11\/justyna_pokorska-SA5-i-768x1024.jpg 768w, https:\/\/speleonews.pl\/valbona\/wp-content\/uploads\/2022\/11\/justyna_pokorska-SA5-i-225x300.jpg 225w, https:\/\/speleonews.pl\/valbona\/wp-content\/uploads\/2022\/11\/justyna_pokorska-SA5-i-9x12.jpg 9w, https:\/\/speleonews.pl\/valbona\/wp-content\/uploads\/2022\/11\/justyna_pokorska-SA5-i.jpg 800w\" sizes=\"(max-width: 768px) 100vw, 768px\" \/><figcaption class=\"wp-element-caption\"><em>Fot. Justyna Pokorska<\/em><\/figcaption><\/figure>\n<\/figure>\n\n\n\n<p><br>Partie EWIAN w <strong>Shpella Sportive<\/strong> zako\u0144czy\u0142y si\u0119 korkoci\u0105giem stawiaj\u0105cym op\u00f3r nawet najszczuplejszym i najbardziej filigranowym zawodnikom. Przodek zamkn\u0105\u0142 si\u0119 ostatecznie na g\u0142\u0119boko\u015bci -204 m, a sumaryczna d\u0142ugo\u015b\u0107 tych partii wynios\u0142a 123,7 m.<\/p>\n\n\n\n<p>A <strong>Shpella e Valbones<\/strong><strong>?<\/strong> No c\u00f3\u017c \u2013 trudno powiedzie\u0107, jakie to jest uczucie. Z jednej strony wszyscy bardzo na to liczyli\u015bmy i ci\u0119\u017cko na to pracowali\u015bmy, aby ten rekordowy wynik osi\u0105gn\u0105\u0107. Jednocze\u015bnie nie by\u0142o tego wielkiego podniecenia wynikaj\u0105cego z zaskoczenia. W ko\u0144cu po to przyjechali\u015bmy i gdzie\u015b poniek\u0105d tego si\u0119 spodziewali\u015bmy. A jednak gdy ju\u017c to si\u0119 sta\u0142o \u2013 stado motyli w brzuchu zerwa\u0142o si\u0119 do lotu. Wszystkim na raz i ka\u017cdemu z osobna.<\/p>\n\n\n\n<p>Brak zasi\u0119gu na bazie pozwoli\u0142 nam utrzyma\u0107 emocje na wodzy i pozostawi\u0107 t\u0119 informacj\u0119 wy\u0142\u0105cznie w gronie uczestnik\u00f3w. Gdy troch\u0119 och\u0142on\u0119li\u015bmy musieli\u015bmy zweryfikowa\u0107, czy w tym samym czasie inne zespo\u0142y speleolog\u00f3w dzia\u0142aj\u0105cych w Albanii nie dokonali tego samego lub g\u0142\u0119bszego odkrycia. Trwa\u0142o to na szcz\u0119\u015bcie tylko par\u0119 dni. Tu\u017c po powrocie do Polski mogli\u015bmy wpu\u015bci\u0107 do social medi\u00f3w, rodzin, znajomych, przyjaci\u00f3\u0142 i \u015brodowiska te wspania\u0142e wie\u015bci. Jedna z nich jest taka, \u017ce wyprzedzili\u015bmy poprzedni\u0105 rekordzistk\u0119 Shpella BB -605 m. Ale druga jest taka, \u017ce nasza <strong>Shpella e Valbones ma wielki potencja\u0142, aby by\u0107 jeszcze g\u0142\u0119bsza<\/strong>, bowiem miejsce, w kt\u00f3rym pomiary zosta\u0142y zako\u0144czone bynajmniej nie jest dnem, brakiem lin, czy ludzi, ale po prostu przesypan\u0105 klepsydr\u0105 czasu urlop\u00f3w i wakacji.&nbsp;<\/p>\n\n\n\n<figure class=\"wp-block-image size-full is-style-default\"><img loading=\"lazy\" decoding=\"async\" width=\"800\" height=\"600\" src=\"http:\/\/speleonews.pl\/valbona\/wp-content\/uploads\/2022\/11\/Slawek-Parzonka-Maja-Ismet-Sali-Brucaj-i.jpg\" alt=\"\" class=\"wp-image-11939\" srcset=\"https:\/\/speleonews.pl\/valbona\/wp-content\/uploads\/2022\/11\/Slawek-Parzonka-Maja-Ismet-Sali-Brucaj-i.jpg 800w, https:\/\/speleonews.pl\/valbona\/wp-content\/uploads\/2022\/11\/Slawek-Parzonka-Maja-Ismet-Sali-Brucaj-i-300x225.jpg 300w, https:\/\/speleonews.pl\/valbona\/wp-content\/uploads\/2022\/11\/Slawek-Parzonka-Maja-Ismet-Sali-Brucaj-i-768x576.jpg 768w, https:\/\/speleonews.pl\/valbona\/wp-content\/uploads\/2022\/11\/Slawek-Parzonka-Maja-Ismet-Sali-Brucaj-i-16x12.jpg 16w\" sizes=\"(max-width: 800px) 100vw, 800px\" \/><figcaption class=\"wp-element-caption\"><em>Fot. S\u0142awek Parzonka<\/em><\/figcaption><\/figure>\n\n\n\n<p><strong>Podsumowanie wyprawy Albania 2022<\/strong><br class=\"\">Uczestnicy: Marcin Budy\u0144 Buga\u0142a (WKGiJ), Marzena Biernat (JKJ), Grzegorz Czopor (JKJ), Pawe\u0142 D\u0119bczak (WKTJ), Marcin Felek Feldmann (GA GB GOPR), Tomasz \u017bo\u0142nierz G\u0105siorek (GAWRA), Kasia Jastrz\u0119bska (S\u0141), Pawe\u0142 Bajorny Jeziorny (JKJ), Krzysztof Diablik Juszy\u0144ski (S\u0141), Katarzyna Lena Koprowska (KA GB GOPR), Beata Kwiatkowska (WKGiJ), Micha\u0142 eMCe Macioszczyk \u2013 kierownik (WKTJ), Arkadiusz Nowacki (WKTJ), S\u0142awomir S\u0142awciu Parzonka (WKGiJ), Andrea Pereswiet-Soltan (CSPV), Dariusz Daro Pi\u0119tak (FSP), Justyna Juti Pokorska (WKGiJ), \u0141ukasz Pokor Pokorski (KA GB GOPR\/WKGiJ), Mariusz Maniek Polok (FSP), Ewelina Rejczel Raczy\u0144ska (SGW), Marcin Maniu\u015b Skazi\u0144ski (JKJ), Magdalena S\u0142upi\u0144ska (FSP), Magdalena Staniszewska-Buga\u0142a (WKGiJ), Aneta W\u0142oszek (SW), Marcin Zajonc Zaj\u0105czkowski (S\u0141).<br class=\"\"><\/p>\n\n\n\n<p><strong>Statystyki wyprawy:<\/strong><\/p>\n\n\n\n<p>W tym roku poznano 13 nowych jaski\u0144 o sumarycznej d\u0142ugo\u015bci 213,0 m i g\u0142\u0119boko\u015bci do 25 m.<\/p>\n\n\n\n<p>\u2192 Shpella Akullt: nowy plan da\u0142 g\u0142\u0119boko\u015b\u0107 -64,3 i d\u0142ugo\u015b\u0107 127,9 m. Okrywa lodowa zaczyna si\u0119 na \u2013 14 m i dochodzi do dna.<\/p>\n\n\n\n<p>\u2192 Shpella Sportive: nowe pomiary w partiach EWIAN 108,4 m, co daje \u0142\u0105czny wynik 771 m g\u0142\u0119boko\u015bci i&nbsp; 263,2 m deniwelacji (-256,6 : +6,6)<\/p>\n\n\n\n<p>\u2192 Shpella e Valbones: d\u0142ugo\u015b\u0107 1306 m; g\u0142\u0119boko\u015b\u0107 -637 m<\/p>","protected":false},"excerpt":{"rendered":"<p>Nowa rekordzistka Albanii Shpella e Valbones ma -637 m i&hellip;<\/p>\n<p> <a class=\"more-link\" href=\"https:\/\/speleonews.pl\/valbona\/en\/eksploracja\/2022-wyprawa-srodowiskowa-do-albanii\/\">Read more<\/a><\/p>","protected":false},"author":1,"featured_media":11935,"parent":11633,"menu_order":0,"comment_status":"closed","ping_status":"closed","template":"","meta":{"footnotes":""},"_links":{"self":[{"href":"https:\/\/speleonews.pl\/valbona\/en\/wp-json\/wp\/v2\/pages\/11919"}],"collection":[{"href":"https:\/\/speleonews.pl\/valbona\/en\/wp-json\/wp\/v2\/pages"}],"about":[{"href":"https:\/\/speleonews.pl\/valbona\/en\/wp-json\/wp\/v2\/types\/page"}],"author":[{"embeddable":true,"href":"https:\/\/speleonews.pl\/valbona\/en\/wp-json\/wp\/v2\/users\/1"}],"replies":[{"embeddable":true,"href":"https:\/\/speleonews.pl\/valbona\/en\/wp-json\/wp\/v2\/comments?post=11919"}],"version-history":[{"count":2,"href":"https:\/\/speleonews.pl\/valbona\/en\/wp-json\/wp\/v2\/pages\/11919\/revisions"}],"predecessor-version":[{"id":11946,"href":"https:\/\/speleonews.pl\/valbona\/en\/wp-json\/wp\/v2\/pages\/11919\/revisions\/11946"}],"up":[{"embeddable":true,"href":"https:\/\/speleonews.pl\/valbona\/en\/wp-json\/wp\/v2\/pages\/11633"}],"wp:featuredmedia":[{"embeddable":true,"href":"https:\/\/speleonews.pl\/valbona\/en\/wp-json\/wp\/v2\/media\/11935"}],"wp:attachment":[{"href":"https:\/\/speleonews.pl\/valbona\/en\/wp-json\/wp\/v2\/media?parent=11919"}],"curies":[{"name":"wp","href":"https:\/\/api.w.org\/{rel}","templated":true}]}}