{"id":11789,"date":"2022-02-21T21:49:24","date_gmt":"2022-02-21T21:49:24","guid":{"rendered":"http:\/\/speleonews.pl\/valbona\/?page_id=11789"},"modified":"2022-12-11T18:42:21","modified_gmt":"2022-12-11T18:42:21","slug":"klimat","status":"publish","type":"page","link":"http:\/\/speleonews.pl\/valbona\/obszar-dzialania\/klimat\/","title":{"rendered":"Klimat"},"content":{"rendered":"\n<p>Mariusz Polok <\/p>\n\n\n\n<p><em>Fundacja Speleologia Polska<\/em><\/p>\n\n\n\n<p><strong>Klimat<\/strong><br>Klimat Albani kszta\u0142towany jest przez dwie g\u0142\u00f3wne strefy klimatyczne. Zachodnia centralna i po\u0142udniowa Albania to strefa ciep\u0142ego klimatu \u015br\u00f3dziemnomorskiego. P\u00f3\u0142noc i wsch\u00f3d kraju to strefa mieszania si\u0119 wp\u0142yw\u00f3w klimatu kontynentalnego z nad Ba\u0142kan\u00f3w z \u0142agodnymi masami \u015br\u00f3dziemnomorskimi. Nap\u0142yw mas powietrza kontynentalnego jest szczeg\u00f3lnie widoczny i istotny w okresie zimowym, a stopie\u0144 kontynentalizacji klimatu zale\u017cy najbardziej od wysoko\u015bci nad poziom morza.<br>Alpy Alba\u0144skie to ta cz\u0119\u015b\u0107 Albanii gdzie kontynentalizm klimatu jest najbardziej widoczny.<br><strong>Temperatura<\/strong><br>\u015arednia roczna temperatura dla Alp Alba\u0144skich to ok 90C ale zakres spodziewanych temperatur wynosi od -200 C zim\u0105 do +350 C latem. Najcieplejszym miesi\u0105cem roku jest sierpie\u0144, kiedy to mo\u017cemy si\u0119 spodziewa\u0107 nawet 28 dni z temperatur\u0105 maksymaln\u0105 powy\u017cej 200 C. Na drugim biegunie jest stycze\u0144 z oko\u0142o 20 dniami z mrozem. W skali ca\u0142ego roku dni z przymrozkami mo\u017cemy si\u0119 spodziewa\u0107 w okresie od pa\u017adziernika do maja. Za\u015b dni upalne (temp > 30 0C) mog\u0105 si\u0119 pojawia\u0107 od czerwca do wrze\u015bnia z maksimum w sierpniu (4 dni) i lipcu (3 dni)<br><strong>Opady<\/strong><br>\u015acieranie si\u0119 nad Alpami Alba\u0144skimi mas powietrza znad Morza \u015ar\u00f3dziemnego i Ba\u0142kan\u00f3w, ka\u017cdorazowo zwi\u0105zane z pokonywaniem tego wysokiego masywu g\u00f3rskiego najbardziej jest widoczne w bardzo du\u017cej wielko\u015bci rocznego opadu.<br>Opady wyst\u0119puj\u0105 g\u0142\u00f3wnie w okresie listopad-kwiecie\u0144 z maksimum w okresie listopad-stycze\u0144 i mog\u0105 osi\u0105ga\u0107 \u015brednio rocznie od 1800 do 2280 mm (stacja Iballe). Liczba dni z opadem najwy\u017csza jest w okresie listopad-maj i wacha si\u0119 w przedziale 12 -13 dni\/miesi\u0105c. Maksimum przypada na kwiecie\u0144 kiedy to co drugi dzie\u0144 jest z opadem. Najmniej dni z opadem mo\u017cemy oczekiwa\u0107 w okresie letnim z maksimum w miesi\u0105cach lipiec-sierpie\u0144 kiedy to dni deszczowych bywa statystycznie ok 9. Zim\u0105 w g\u00f3rach utrzymuje si\u0119 pokrywa \u015bnie\u017cna. W dolinach przez ok 100 dni, a w strefach wierzcho\u0142kowych do > 250 dni. Mi\u0105\u017cszo\u015b\u0107 pokrywy \u015bnie\u017cnej si\u0119ga w g\u00f3rach nawet kilku metr\u00f3w (Kukes 160 cm). Cech\u0105 wyr\u00f3\u017cniaj\u0105c\u0105 obszar Alp Alba\u0144skich s\u0105 wielkie opady nawalne. W kilku stacjach notowano maxima 24 godzinne opadu w wysoko\u015bci 420 mm w stacji Bog\u00eb, 345 mm w stacji Shkodra, i 310,7 mm w stacji Puke (L.Mu\u00e7aj, V. Mustaqi, E. Bruci 2010). W okresie letnim opady s\u0105 zwi\u0105zane ze zjawiskiem burz. Miesi\u0105cem w kt\u00f3rym mo\u017cemy si\u0119 spodziewa\u0107 ich najwi\u0119kszego nat\u0119\u017cenia jest okres od czerwca do sierpnia z maksimum w lipiec.<br><strong>Us\u0142onecznienie i zachmurzenie<\/strong><br>Zdecydowanie najlepszym okresem dobrej pogody s\u0105 miesi\u0105ce czerwiec- sierpie\u0144, w tym okresie mo\u017cemy si\u0119 spodziewa\u0107 nawet do 28 dni z pogod\u0105 s\u0142oneczn\u0105 lub niewielkim zachmurzeniem. Najwiecej takich dni mo\u017cemy oczekiwa\u0107 w sierpniu. Po tym okresie liczba dni pochmurnych znacz\u0105co wzrasta aby w okresie listopad-kwiecie\u0144 osi\u0105gn\u0105\u0107 roczne sta\u0142e maksimum od 12 do 14 dni pochmurnych.<br><strong>Nasze pogodowe do\u015bwiadczenia<\/strong><br>Od 15 lat odwiedzamy Albani\u0119 w r\u00f3\u017cnych okresach roku. Uda\u0142o nam si\u0119 wypracowa\u0107 w\u0142asny \u201emodel\u201d klimatyczny ze szczeg\u00f3lnym uwzgl\u0119dnieniem prowadzenia eksploracji powierzchniowej i jaskiniowej w optymalnych warunkach pogodowych.<br>Nasze wieloletnie do\u015bwiadczenia wskazuj\u0105 \u017ce najlepszym okresem na organizacj\u0119 dzia\u0142alno\u015bci eksploracyjnej jest sierpie\u0144. To zdecydowanie najcieplejszy i najbardziej s\u0142oneczny miesi\u0105c roku do tego z najmniejsz\u0105 ilo\u015bci\u0105 opad\u00f3w i ma\u0142\u0105 liczb\u0105 burz, cho\u0107 oczywi\u015bcie nie jest ich pozbawiony. Minusem jest natomiast du\u017ce ryzyko wyst\u0119powania samoistnych wielodniowych po\u017car\u00f3w na du\u017cych obszarach. Po\u017cary je\u015bli jest ich du\u017co, a bywa, mocno utrudniaj\u0105 dzia\u0142alno\u015b\u0107, czasem wr\u0119cz j\u0105 uniemo\u017cliwiaj\u0105c.<br>Sierpie\u0144 jest tak\u017ce okres z rocznym minimum wyst\u0119powania pokrywy \u015bnie\u017cnej. Z naszych do\u015bwiadcze\u0144 wynika \u017ce czerwiec to jeszcze okres pe\u0142nej pokrywy \u015bnie\u017cnej o znacznej mi\u0105\u017cszo\u015bci, szczeg\u00f3lnie na wysoko\u015bciach powy\u017cej 1700 m n.p.m. Lipiec to okres licznych burz i intensywnego zanikania pokrywy \u015bnie\u017cnej. Natomiast we wrze\u015bniu w czasie jednej z wypraw odnotowali\u015bmy ju\u017c opady \u015bniegu.<\/p>\n","protected":false},"excerpt":{"rendered":"<p>Mariusz Polok Fundacja Speleologia Polska KlimatKlimat Albani kszta\u0142towany jest przez&hellip;<\/p>\n<p> <a class=\"more-link\" href=\"http:\/\/speleonews.pl\/valbona\/obszar-dzialania\/klimat\/\">Czytaj dalej<\/a><\/p>\n","protected":false},"author":1,"featured_media":0,"parent":11870,"menu_order":0,"comment_status":"closed","ping_status":"closed","template":"","meta":{"footnotes":""},"_links":{"self":[{"href":"http:\/\/speleonews.pl\/valbona\/wp-json\/wp\/v2\/pages\/11789"}],"collection":[{"href":"http:\/\/speleonews.pl\/valbona\/wp-json\/wp\/v2\/pages"}],"about":[{"href":"http:\/\/speleonews.pl\/valbona\/wp-json\/wp\/v2\/types\/page"}],"author":[{"embeddable":true,"href":"http:\/\/speleonews.pl\/valbona\/wp-json\/wp\/v2\/users\/1"}],"replies":[{"embeddable":true,"href":"http:\/\/speleonews.pl\/valbona\/wp-json\/wp\/v2\/comments?post=11789"}],"version-history":[{"count":4,"href":"http:\/\/speleonews.pl\/valbona\/wp-json\/wp\/v2\/pages\/11789\/revisions"}],"predecessor-version":[{"id":11992,"href":"http:\/\/speleonews.pl\/valbona\/wp-json\/wp\/v2\/pages\/11789\/revisions\/11992"}],"up":[{"embeddable":true,"href":"http:\/\/speleonews.pl\/valbona\/wp-json\/wp\/v2\/pages\/11870"}],"wp:attachment":[{"href":"http:\/\/speleonews.pl\/valbona\/wp-json\/wp\/v2\/media?parent=11789"}],"curies":[{"name":"wp","href":"https:\/\/api.w.org\/{rel}","templated":true}]}}